{"id":1454,"date":"2021-11-10T21:22:44","date_gmt":"2021-11-10T19:22:44","guid":{"rendered":"https:\/\/neurofeedback-romania.ro\/?page_id=1454"},"modified":"2021-11-11T23:59:53","modified_gmt":"2021-11-11T21:59:53","slug":"sisteme-diagnoza","status":"publish","type":"page","link":"https:\/\/neurofeedback-romania.ro\/en\/sisteme-neurofeedback\/sisteme-diagnoza\/","title":{"rendered":"Diagnostic Systems"},"content":{"rendered":"<div data-elementor-type=\"wp-page\" data-elementor-id=\"1454\" class=\"elementor elementor-1454\" data-elementor-post-type=\"page\">\n\t\t\t\t\t\t<header class=\"elementor-section elementor-top-section elementor-element elementor-element-34de0d3b elementor-section-boxed elementor-section-height-default elementor-section-height-default\" data-id=\"34de0d3b\" data-element_type=\"section\" data-e-type=\"section\" data-settings=\"{&quot;background_background&quot;:&quot;classic&quot;}\">\n\t\t\t\t\t\t\t<div class=\"elementor-background-overlay\"><\/div>\n\t\t\t\t\t\t\t<div class=\"elementor-container elementor-column-gap-default\">\n\t\t\t\t\t<div class=\"elementor-column elementor-col-100 elementor-top-column elementor-element elementor-element-43766bcb\" data-id=\"43766bcb\" data-element_type=\"column\" data-e-type=\"column\">\n\t\t\t<div class=\"elementor-widget-wrap elementor-element-populated\">\n\t\t\t\t\t\t<div class=\"elementor-element elementor-element-62811dde elementor-invisible elementor-widget elementor-widget-heading\" data-id=\"62811dde\" data-element_type=\"widget\" data-e-type=\"widget\" data-settings=\"{&quot;_animation&quot;:&quot;fadeInDown&quot;}\" data-widget_type=\"heading.default\">\n\t\t\t\t<div class=\"elementor-widget-container\">\n\t\t\t\t\t<h1 class=\"elementor-heading-title elementor-size-default\">Neurofeedback Systems for Diagnoze<\/h1>\t\t\t\t<\/div>\n\t\t\t\t<\/div>\n\t\t\t\t<div class=\"elementor-element elementor-element-3147985f elementor-invisible elementor-widget elementor-widget-text-editor\" data-id=\"3147985f\" data-element_type=\"widget\" data-e-type=\"widget\" data-settings=\"{&quot;_animation&quot;:&quot;fadeIn&quot;}\" data-widget_type=\"text-editor.default\">\n\t\t\t\t<div class=\"elementor-widget-container\">\n\t\t\t\t\t\t\t\t\t<p>State-of-the-art Bee Medic neurofeedback systems for diagnoze<\/p>\t\t\t\t\t\t\t\t<\/div>\n\t\t\t\t<\/div>\n\t\t\t\t\t<\/div>\n\t\t<\/div>\n\t\t\t\t\t<\/div>\n\t\t<\/header>\n\t\t\t\t<section class=\"elementor-section elementor-top-section elementor-element elementor-element-33a1b296 elementor-section-full_width elementor-section-height-default elementor-section-height-default\" data-id=\"33a1b296\" data-element_type=\"section\" data-e-type=\"section\" data-settings=\"{&quot;background_background&quot;:&quot;classic&quot;}\">\n\t\t\t\t\t\t<div class=\"elementor-container elementor-column-gap-default\">\n\t\t\t\t\t<div class=\"elementor-column elementor-col-100 elementor-top-column elementor-element elementor-element-11291396\" data-id=\"11291396\" data-element_type=\"column\" data-e-type=\"column\">\n\t\t\t<div class=\"elementor-widget-wrap elementor-element-populated\">\n\t\t\t\t\t\t<section class=\"elementor-section elementor-inner-section elementor-element elementor-element-5cfda953 elementor-section-boxed elementor-section-height-default elementor-section-height-default\" data-id=\"5cfda953\" data-element_type=\"section\" data-e-type=\"section\">\n\t\t\t\t\t\t<div class=\"elementor-container elementor-column-gap-default\">\n\t\t\t\t\t<div class=\"elementor-column elementor-col-50 elementor-inner-column elementor-element elementor-element-57f110ac\" data-id=\"57f110ac\" data-element_type=\"column\" data-e-type=\"column\">\n\t\t\t<div class=\"elementor-widget-wrap elementor-element-populated\">\n\t\t\t\t\t\t<div class=\"elementor-element elementor-element-7a236ad4 elementor-widget elementor-widget-heading\" data-id=\"7a236ad4\" data-element_type=\"widget\" data-e-type=\"widget\" data-widget_type=\"heading.default\">\n\t\t\t\t<div class=\"elementor-widget-container\">\n\t\t\t\t\t<h3 class=\"elementor-heading-title elementor-size-default\">For advanced clinicians and medical institutes<\/h3>\t\t\t\t<\/div>\n\t\t\t\t<\/div>\n\t\t\t\t<div class=\"elementor-element elementor-element-43c8559c elementor-widget elementor-widget-heading\" data-id=\"43c8559c\" data-element_type=\"widget\" data-e-type=\"widget\" data-widget_type=\"heading.default\">\n\t\t\t\t<div class=\"elementor-widget-container\">\n\t\t\t\t\t<h2 class=\"elementor-heading-title elementor-size-default\">Bee Medic systems for neurodiagnosis<\/h2>\t\t\t\t<\/div>\n\t\t\t\t<\/div>\n\t\t\t\t<div class=\"elementor-element elementor-element-4340d155 elementor-widget-divider--view-line elementor-widget elementor-widget-divider\" data-id=\"4340d155\" data-element_type=\"widget\" data-e-type=\"widget\" data-widget_type=\"divider.default\">\n\t\t\t\t<div class=\"elementor-widget-container\">\n\t\t\t\t\t\t\t<div class=\"elementor-divider\">\n\t\t\t<span class=\"elementor-divider-separator\">\n\t\t\t\t\t\t<\/span>\n\t\t<\/div>\n\t\t\t\t\t\t<\/div>\n\t\t\t\t<\/div>\n\t\t\t\t<div class=\"elementor-element elementor-element-8d3c5cb elementor-widget elementor-widget-text-editor\" data-id=\"8d3c5cb\" data-element_type=\"widget\" data-e-type=\"widget\" data-widget_type=\"text-editor.default\">\n\t\t\t\t<div class=\"elementor-widget-container\">\n\t\t\t\t\t\t\t\t\t<p>Neurofeedback Romania offers customized Bee Medic systems for diagnoze:<\/p>\n<ul>\n<li class=\"translation-block\"><strong>NeuroLab Sets <\/strong>\u2013 <span lang=\"ro\"><span data-language-for-alternatives=\"ro\" data-language-to-translate-into=\"en\" data-phrase-index=\"0\" data-number-of-phrases=\"1\">EEG amplifiers with reduced noise<\/span><\/span><\/li>\n<li class=\"translation-block\"><strong>Components <\/strong>\u2013 Cygnet, amplifier NeuroAmp.II EEG, neurofeedback software, electrode accessories and pastes<\/li>\n<li class=\"translation-block\"><strong>Extensibile Systems<\/strong>\u2013 for<span lang=\"ro\"><span data-language-for-alternatives=\"ro\" data-language-to-translate-into=\"en\" data-phrase-index=\"0\" data-number-of-phrases=\"1\"><span> development and research projects<\/span><\/span><\/span><\/li>\n<\/ul>\n<p class=\"translation-block\">For more information about the equipment and the purchase procedure, please <a href=\"https:\/\/neurofeedback-romania.ro\/en\/contact\/\" target=\"_self\"> contact us <\/a>.<\/p>\t\t\t\t\t\t\t\t<\/div>\n\t\t\t\t<\/div>\n\t\t\t\t\t<\/div>\n\t\t<\/div>\n\t\t\t\t<div class=\"elementor-column elementor-col-50 elementor-inner-column elementor-element elementor-element-12c97990\" data-id=\"12c97990\" data-element_type=\"column\" data-e-type=\"column\">\n\t\t\t<div class=\"elementor-widget-wrap elementor-element-populated\">\n\t\t\t\t\t\t<div class=\"elementor-element elementor-element-2ee11892 elementor-widget elementor-widget-image\" data-id=\"2ee11892\" data-element_type=\"widget\" data-e-type=\"widget\" data-widget_type=\"image.default\">\n\t\t\t\t<div class=\"elementor-widget-container\">\n\t\t\t\t\t\t\t\t\t\t\t\t\t\t\t<img fetchpriority=\"high\" decoding=\"async\" width=\"1024\" height=\"442\" src=\"https:\/\/neurofeedback-romania.ro\/wp-content\/uploads\/2021\/11\/BEE-Sisteme-diagnoza-neurofeedback-1024x442.jpg\" class=\"attachment-large size-large wp-image-1578\" alt=\"\" srcset=\"https:\/\/neurofeedback-romania.ro\/wp-content\/uploads\/2021\/11\/BEE-Sisteme-diagnoza-neurofeedback-1024x442.jpg 1024w, https:\/\/neurofeedback-romania.ro\/wp-content\/uploads\/2021\/11\/BEE-Sisteme-diagnoza-neurofeedback-600x259.jpg 600w, https:\/\/neurofeedback-romania.ro\/wp-content\/uploads\/2021\/11\/BEE-Sisteme-diagnoza-neurofeedback-300x130.jpg 300w, https:\/\/neurofeedback-romania.ro\/wp-content\/uploads\/2021\/11\/BEE-Sisteme-diagnoza-neurofeedback-768x332.jpg 768w, https:\/\/neurofeedback-romania.ro\/wp-content\/uploads\/2021\/11\/BEE-Sisteme-diagnoza-neurofeedback-18x8.jpg 18w, https:\/\/neurofeedback-romania.ro\/wp-content\/uploads\/2021\/11\/BEE-Sisteme-diagnoza-neurofeedback.jpg 1280w\" sizes=\"(max-width: 1024px) 100vw, 1024px\" \/>\t\t\t\t\t\t\t\t\t\t\t\t\t\t\t<\/div>\n\t\t\t\t<\/div>\n\t\t\t\t\t<\/div>\n\t\t<\/div>\n\t\t\t\t\t<\/div>\n\t\t<\/section>\n\t\t\t\t\t<\/div>\n\t\t<\/div>\n\t\t\t\t\t<\/div>\n\t\t<\/section>\n\t\t\t\t<section class=\"elementor-section elementor-top-section elementor-element elementor-element-6f3e3c17 elementor-section-content-middle elementor-section-boxed elementor-section-height-default elementor-section-height-default\" data-id=\"6f3e3c17\" data-element_type=\"section\" data-e-type=\"section\" data-settings=\"{&quot;background_background&quot;:&quot;classic&quot;}\">\n\t\t\t\t\t\t\t<div class=\"elementor-background-overlay\"><\/div>\n\t\t\t\t\t\t\t<div class=\"elementor-container elementor-column-gap-no\">\n\t\t\t\t\t<div class=\"elementor-column elementor-col-100 elementor-top-column elementor-element elementor-element-3b851a1c\" data-id=\"3b851a1c\" data-element_type=\"column\" data-e-type=\"column\">\n\t\t\t<div class=\"elementor-widget-wrap elementor-element-populated\">\n\t\t\t\t\t\t<div class=\"elementor-element elementor-element-7e651a30 elementor-widget elementor-widget-heading\" data-id=\"7e651a30\" data-element_type=\"widget\" data-e-type=\"widget\" data-widget_type=\"heading.default\">\n\t\t\t\t<div class=\"elementor-widget-container\">\n\t\t\t\t\t<h2 class=\"elementor-heading-title elementor-size-default\">Bee Medic diagnoze system details<\/h2>\t\t\t\t<\/div>\n\t\t\t\t<\/div>\n\t\t\t\t\t<\/div>\n\t\t<\/div>\n\t\t\t\t\t<\/div>\n\t\t<\/section>\n\t\t\t\t<section class=\"elementor-section elementor-top-section elementor-element elementor-element-19138a53 elementor-section-boxed elementor-section-height-default elementor-section-height-default\" data-id=\"19138a53\" data-element_type=\"section\" data-e-type=\"section\">\n\t\t\t\t\t\t<div class=\"elementor-container elementor-column-gap-default\">\n\t\t\t\t\t<div class=\"elementor-column elementor-col-100 elementor-top-column elementor-element elementor-element-28af4582\" data-id=\"28af4582\" data-element_type=\"column\" data-e-type=\"column\">\n\t\t\t<div class=\"elementor-widget-wrap elementor-element-populated\">\n\t\t\t\t\t\t<div class=\"elementor-element elementor-element-3faf46b6 elementor-widget elementor-widget-shortcode\" data-id=\"3faf46b6\" data-element_type=\"widget\" data-e-type=\"widget\" data-widget_type=\"shortcode.default\">\n\t\t\t\t<div class=\"elementor-widget-container\">\n\t\t\t\t\t\t\t<div class=\"elementor-shortcode\">\n<table id=\"tablepress-2\" class=\"tablepress tablepress-id-2\">\n<thead>\n<tr class=\"row-1\">\n\t<td class=\"column-1\" style=\"width:52%;\"><\/td><th class=\"column-2\" style=\"width:12%;\"><img decoding=\"async\" src=\"https:\/\/neurofeedback-romania.ro\/wp-content\/uploads\/2025\/10\/Set-Neurolab-EEG-21.jpg\" alt=\"\" width=\"150\" height=\"110\" class=\"alignnone size-medium wp-image-1610\" \/><br \/>\nSet Neurolab EEG-21<\/th><th class=\"column-3\" style=\"width:12%;\"><img decoding=\"async\" src=\"https:\/\/neurofeedback-romania.ro\/wp-content\/uploads\/2025\/10\/Set-Neurolab-EEG-31.webp\" alt=\"\" width=\"150\" height=\"110\" class=\"alignnone size-medium wp-image-1611\" \/><br \/>\nSet Neurolab EEG-31<\/th><th class=\"column-4\" style=\"width:12%;\"><img loading=\"lazy\" decoding=\"async\" src=\"https:\/\/neurofeedback-romania.ro\/wp-content\/uploads\/2025\/10\/Set-Neurolab-ERP-21.webp\" alt=\"\" width=\"150\" height=\"110\" class=\"alignnone size-medium wp-image-1609\" \/><br \/>\nSet Neurolab ERP-21<\/th><th class=\"column-5\" style=\"width:12%;\"><img loading=\"lazy\" decoding=\"async\" src=\"https:\/\/neurofeedback-romania.ro\/wp-content\/uploads\/2025\/10\/Set-Neurolab-ERP-31.webp\" alt=\"\" width=\"150\" height=\"110\" class=\"alignnone size-medium wp-image-1609\" \/><br \/>\nSet Neurolab ERP-31<\/th>\n<\/tr>\n<\/thead>\n<tbody class=\"row-striping row-hover\">\n<tr class=\"row-2\">\n\t<td class=\"column-1\">EEG-amplifier NeuroAmp\u00ae II5s (Device incl. USB-cable)<\/td><td class=\"column-2\">\u2714\ufe0e<\/td><td class=\"column-3\">\u2714\ufe0e<\/td><td class=\"column-4\">\u2714\ufe0e<\/td><td class=\"column-5\">\u2714\ufe0e<\/td>\n<\/tr>\n<tr class=\"row-3\">\n\t<td class=\"column-1\">USB Stick (32 GB) containing software and manuals<\/td><td class=\"column-2\">\u2714\ufe0e<\/td><td class=\"column-3\">\u2714\ufe0e<\/td><td class=\"column-4\">\u2714\ufe0e<\/td><td class=\"column-5\">\u2714\ufe0e<\/td>\n<\/tr>\n<tr class=\"row-4\">\n\t<td class=\"column-1\">Connector cable for x23 or x39<\/td><td class=\"column-2\">\u2714\ufe0e<\/td><td class=\"column-3\">\u2714\ufe0e<\/td><td class=\"column-4\">\u2714\ufe0e<\/td><td class=\"column-5\">\u2714\ufe0e<\/td>\n<\/tr>\n<tr class=\"row-5\">\n\t<td class=\"column-1\">Handy case for QEEG device<\/td><td class=\"column-2\">\u2714\ufe0e<\/td><td class=\"column-3\">\u2714\ufe0e<\/td><td class=\"column-4\">\u2714\ufe0e<\/td><td class=\"column-5\">\u2714\ufe0e<\/td>\n<\/tr>\n<tr class=\"row-6\">\n\t<td class=\"column-1\">23-channel EEG amplifier (x23)<\/td><td class=\"column-2\">\u2714\ufe0e<\/td><td class=\"column-3\"><\/td><td class=\"column-4\">\u2714\ufe0e<\/td><td class=\"column-5\"><\/td>\n<\/tr>\n<tr class=\"row-7\">\n\t<td class=\"column-1\">39-channel EEG amplifier (x39)<\/td><td class=\"column-2\"><\/td><td class=\"column-3\">\u2714\ufe0e<\/td><td class=\"column-4\"><\/td><td class=\"column-5\">\u2714\ufe0e<\/td>\n<\/tr>\n<tr class=\"row-8\">\n\t<td class=\"column-1\">ERP synchronization- and input device<\/td><td class=\"column-2\"><\/td><td class=\"column-3\"><\/td><td class=\"column-4\">\u2714\ufe0e<\/td><td class=\"column-5\">\u2714\ufe0e<\/td>\n<\/tr>\n<tr class=\"row-9\">\n\t<td class=\"column-1\">ERPrec software<\/td><td class=\"column-2\"><\/td><td class=\"column-3\"><\/td><td class=\"column-4\">\u2714\ufe0e<\/td><td class=\"column-5\">\u2714\ufe0e<\/td>\n<\/tr>\n<tr class=\"row-10\">\n\t<td class=\"column-1\">ERP standard tasks<\/td><td class=\"column-2\"><\/td><td class=\"column-3\"><\/td><td class=\"column-4\">\u2714\ufe0e<\/td><td class=\"column-5\">\u2714\ufe0e<\/td>\n<\/tr>\n<tr class=\"row-11\">\n\t<td class=\"column-1\">Task generation software<\/td><td class=\"column-2\"><\/td><td class=\"column-3\"><\/td><td class=\"column-4\">\u2714\ufe0e<\/td><td class=\"column-5\">\u2714\ufe0e<\/td>\n<\/tr>\n<tr class=\"row-12\">\n\t<td class=\"column-1\">Online initial installation and calibration<\/td><td class=\"column-2\">\u2714\ufe0e<\/td><td class=\"column-3\">\u2714\ufe0e<\/td><td class=\"column-4\">\u2714\ufe0e<\/td><td class=\"column-5\">\u2714\ufe0e<\/td>\n<\/tr>\n<tr class=\"row-13\">\n\t<td class=\"column-1\"><\/td><td class=\"column-2\"><a href=\"https:\/\/www.beemedic.com\/complete-sets-for-diagnostical-use\/EN-A001112.aspx\" rel=\"noopener\" target=\"_blank\">See systems<\/a><\/td><td class=\"column-3\"><a href=\"https:\/\/www.beemedic.com\/complete-sets-for-diagnostical-use\/EN-A001113.aspx\" rel=\"noopener\" target=\"_blank\">See systems<\/a><\/td><td class=\"column-4\"><a href=\"https:\/\/www.beemedic.com\/complete-sets-for-diagnostical-use\/EN-A001114.aspx\" rel=\"noopener\" target=\"_blank\">See systems<\/a><\/td><td class=\"column-5\"><a href=\"https:\/\/www.beemedic.com\/complete-sets-for-diagnostical-use\/EN-A001115.aspx\" rel=\"noopener\" target=\"_blank\">See systems<\/a><\/td>\n<\/tr>\n<\/tbody>\n<\/table>\n<!-- #tablepress-2 from cache --><\/div>\n\t\t\t\t\t\t<\/div>\n\t\t\t\t<\/div>\n\t\t\t\t\t<\/div>\n\t\t<\/div>\n\t\t\t\t\t<\/div>\n\t\t<\/section>\n\t\t\t\t<section class=\"elementor-section elementor-top-section elementor-element elementor-element-7f70dada elementor-section-full_width elementor-section-height-default elementor-section-height-default\" data-id=\"7f70dada\" data-element_type=\"section\" data-e-type=\"section\" data-settings=\"{&quot;background_background&quot;:&quot;classic&quot;}\">\n\t\t\t\t\t\t\t<div class=\"elementor-background-overlay\"><\/div>\n\t\t\t\t\t\t\t<div class=\"elementor-container elementor-column-gap-default\">\n\t\t\t\t\t<div class=\"elementor-column elementor-col-100 elementor-top-column elementor-element elementor-element-7740cb36\" data-id=\"7740cb36\" data-element_type=\"column\" data-e-type=\"column\">\n\t\t\t<div class=\"elementor-widget-wrap elementor-element-populated\">\n\t\t\t\t\t\t<section class=\"elementor-section elementor-inner-section elementor-element elementor-element-564d29bd elementor-section-boxed elementor-section-height-default elementor-section-height-default\" data-id=\"564d29bd\" data-element_type=\"section\" data-e-type=\"section\">\n\t\t\t\t\t\t<div class=\"elementor-container elementor-column-gap-default\">\n\t\t\t\t\t<div class=\"elementor-column elementor-col-100 elementor-inner-column elementor-element elementor-element-136272e2\" data-id=\"136272e2\" data-element_type=\"column\" data-e-type=\"column\" data-settings=\"{&quot;background_background&quot;:&quot;classic&quot;}\">\n\t\t\t<div class=\"elementor-widget-wrap elementor-element-populated\">\n\t\t\t\t\t\t<div class=\"elementor-element elementor-element-6014a194 elementor-widget elementor-widget-heading\" data-id=\"6014a194\" data-element_type=\"widget\" data-e-type=\"widget\" data-widget_type=\"heading.default\">\n\t\t\t\t<div class=\"elementor-widget-container\">\n\t\t\t\t\t<h2 class=\"elementor-heading-title elementor-size-default\">Achizi\u021bie sisteme neurofeedback diagnoz\u0103<\/h2>\t\t\t\t<\/div>\n\t\t\t\t<\/div>\n\t\t\t\t<div class=\"elementor-element elementor-element-42c90dce elementor-widget elementor-widget-heading\" data-id=\"42c90dce\" data-element_type=\"widget\" data-e-type=\"widget\" data-widget_type=\"heading.default\">\n\t\t\t\t<div class=\"elementor-widget-container\">\n\t\t\t\t\t<h4 class=\"elementor-heading-title elementor-size-default\">For more information about the equipment and the purchase procedure, please contact us<\/h4>\t\t\t\t<\/div>\n\t\t\t\t<\/div>\n\t\t\t\t<div class=\"elementor-element elementor-element-56c99129 elementor-align-left elementor-invisible elementor-widget elementor-widget-button\" data-id=\"56c99129\" data-element_type=\"widget\" data-e-type=\"widget\" data-settings=\"{&quot;_animation&quot;:&quot;fadeInUp&quot;}\" data-widget_type=\"button.default\">\n\t\t\t\t<div class=\"elementor-widget-container\">\n\t\t\t\t\t\t\t\t\t<div class=\"elementor-button-wrapper\">\n\t\t\t\t\t<a class=\"elementor-button elementor-button-link elementor-size-lg\" href=\"https:\/\/neurofeedback-romania.ro\/en\/contact\/\">\n\t\t\t\t\t\t<span class=\"elementor-button-content-wrapper\">\n\t\t\t\t\t\t\t\t\t<span class=\"elementor-button-text\">Contact<\/span>\n\t\t\t\t\t<\/span>\n\t\t\t\t\t<\/a>\n\t\t\t\t<\/div>\n\t\t\t\t\t\t\t\t<\/div>\n\t\t\t\t<\/div>\n\t\t\t\t\t<\/div>\n\t\t<\/div>\n\t\t\t\t\t<\/div>\n\t\t<\/section>\n\t\t\t\t\t<\/div>\n\t\t<\/div>\n\t\t\t\t\t<\/div>\n\t\t<\/section>\n\t\t\t\t<\/div>","protected":false},"excerpt":{"rendered":"<p>Sisteme diagnoz\u0103 neurofeedback Tehnologie de v\u00e2rf, sisteme neurofeedback Bee Medic pentru diagnoz\u0103 Pentru clinicieni avansa\u021bi \u0219i institu\u021bii medicale Sistemele Bee Medic pentru neurodiagnostic Neurofeedback Rom\u00e2nia ofer\u0103 sistemele personalizate Bee Medic pentru diagnoz\u0103: Seturi NeuroLab &#8211; amplificatoare EEG cu zgomot foarte sc\u0103zut Componente &#8211; Cygnet, amplificator NeuroAmp.II EEG, software neurofeedback, accesorii electrozi \u0219i paste Sisteme extensibile&#8230;<\/p>","protected":false},"author":1,"featured_media":0,"parent":417,"menu_order":0,"comment_status":"closed","ping_status":"closed","template":"","meta":{"_acf_changed":false,"_kad_post_transparent":"","_kad_post_title":"hide","_kad_post_layout":"fullwidth","_kad_post_sidebar_id":"","_kad_post_content_style":"unboxed","_kad_post_vertical_padding":"hide","_kad_post_feature":"hide","_kad_post_feature_position":"","_kad_post_header":false,"_kad_post_footer":false,"_kad_post_classname":"","footnotes":""},"class_list":["post-1454","page","type-page","status-publish","hentry"],"acf":[],"_links":{"self":[{"href":"https:\/\/neurofeedback-romania.ro\/en\/wp-json\/wp\/v2\/pages\/1454","targetHints":{"allow":["GET"]}}],"collection":[{"href":"https:\/\/neurofeedback-romania.ro\/en\/wp-json\/wp\/v2\/pages"}],"about":[{"href":"https:\/\/neurofeedback-romania.ro\/en\/wp-json\/wp\/v2\/types\/page"}],"author":[{"embeddable":true,"href":"https:\/\/neurofeedback-romania.ro\/en\/wp-json\/wp\/v2\/users\/1"}],"replies":[{"embeddable":true,"href":"https:\/\/neurofeedback-romania.ro\/en\/wp-json\/wp\/v2\/comments?post=1454"}],"version-history":[{"count":2,"href":"https:\/\/neurofeedback-romania.ro\/en\/wp-json\/wp\/v2\/pages\/1454\/revisions"}],"predecessor-version":[{"id":1681,"href":"https:\/\/neurofeedback-romania.ro\/en\/wp-json\/wp\/v2\/pages\/1454\/revisions\/1681"}],"up":[{"embeddable":true,"href":"https:\/\/neurofeedback-romania.ro\/en\/wp-json\/wp\/v2\/pages\/417"}],"wp:attachment":[{"href":"https:\/\/neurofeedback-romania.ro\/en\/wp-json\/wp\/v2\/media?parent=1454"}],"curies":[{"name":"wp","href":"https:\/\/api.w.org\/{rel}","templated":true}]}}