{"id":2690,"date":"2021-12-12T04:41:05","date_gmt":"2021-12-12T02:41:05","guid":{"rendered":"https:\/\/neurofeedback-romania.ro\/?page_id=2690"},"modified":"2021-12-17T01:18:46","modified_gmt":"2021-12-16T23:18:46","slug":"politica-de-returnare","status":"publish","type":"page","link":"https:\/\/neurofeedback-romania.ro\/en\/politica-de-returnare\/","title":{"rendered":"Return policy"},"content":{"rendered":"<p><strong><em>\u00cenregistr\u0103rile \u00een format digital (webinarii, seminare, module de curs)<\/em><\/strong><\/p>\n\n\n\n<p>Inregistrarile&nbsp;video (webinarii, seminare, module de curs) reprezint\u0103 con\u021binut digital care nu este livrat pe un suport material. Sumele achitate prin intermediul webiste-ului <a rel=\"noreferrer noopener\" href=\"https:\/\/neurofeedback-romania.ro\/en\/\" target=\"_blank\">www.neurofeedback-romania.ro<\/a> pentru aceste produse nu se returneaz\u0103 (conform Ordonan\u0163ei nr. 130\/2000 cu modificarile ulterioare \u0219i OUG 34\/2014, art.16, lit.m). Prin acceptarea termenilor \u0219i condi\u021biilor puse la dispozi\u021bie la cup\u0103rarea prodeslor digitale direct de pe webiste prin plata cu cardul, clientul confirm\u0103 c\u0103 a luat cuno\u015ftin\u0163\u0103 de faptul c\u0103 \u00ee\u015fi va pierde dreptul la returnarea produselor.<\/p>\n\n\n\n<p><strong><em>Cursurile cu prezenta fizic\u0103 sau online<\/em><\/strong><\/p>\n\n\n\n<p>1. In cazul sumelor achitate ca avans pentru participarea la unul dintre cursurile cu prezenta fizica sau online organizate de SC NEURO EDUCATION SRL, dupa scurgerea a 14 zile calendaristice de la efectuare platii, in cazul in care clientul solicita retragerea, sumele nu se returneaza. La solicitarea clientului, sumele achitate drept avans pentru participarea la unul dintre cursurile cu prezenta fizica sau online pot fi creditate pentru participarea la unul dintre cursurile ulterioare sau pentru achizitia&nbsp;de \u00eenregistr\u0103ri in format digital (webinarii, seminare, module de curs). Sumele minime considerate a constitui&nbsp;avans pentru ficare curs cu prezenta fizica sau online sunt afisate de catre furnizor in descrierea aferenta cursului de pe website-ul <a rel=\"noreferrer noopener\" href=\"https:\/\/neurofeedback-romania.ro\/en\/\" target=\"_blank\">www.neurofeedback-romania.ro<\/a>.<\/p>\n\n\n\n<p>2. Sumele integrale achitate ca contravaloare pentru taxa de participare la cursurile cu prezenta fizica sau online, returnarea este posibila in limita&nbsp;a 50% din contravaloarea taxei \u0219i numai daca nu s-a depasit termenul limita setat de furnizor pentru returnarea sumelor. Furnizorul (SC NEURO EDUCATION SRL) seteaza pentru fiecare curs un termen limita pana la care se poate returna taxa de participare, la cel putin 14 zile distanta&nbsp;fata de data limita pentru inscrierea&nbsp;la curs. Aceasta data limita este specificata in descrierea aferenta&nbsp;cursului respectiv disponibila&nbsp;pe website-ul <a rel=\"noreferrer noopener\" href=\"https:\/\/neurofeedback-romania.ro\/en\/\" target=\"_blank\">www.neurofeedback-romania.ro<\/a>.&nbsp;<\/p>\n\n\n\n<p>In cazul in care clientul solicita returnarea pana la data limita setata de furnizor pentru cursul respectiv, se poate returna maxim 50% din contravaloarei\u00a0taxei de curs. Daca clientul solicita returnarea\u00a0dupa\u00a0data limita setata de furnior pentru cursul respectiv, returnarea contravalorii taxei nu este admisa.\u00a0In\u00a0oricare dintre situatiile mai sus mentionate\u00a0(punctele 1 si 2), clientul are optiunea de a solicita creditarea\u00a0sumelor achitate pentru curs catre\u00a0participarea proprie la un curs viitor sau de a transfera fondurile pentru participarea la curs altei persoane care indeplineste conditiile de eligibilitate pentru cursanti. Transferul\u00a0taxei de participare la curs de la o persoana la alta se face numai cu acordul explicit, in scris al furnizorului.\u00a0<\/p>","protected":false},"excerpt":{"rendered":"<p>\u00cenregistr\u0103rile \u00een format digital (webinarii, seminare, module de curs) Inregistrarile&nbsp;video (webinarii, seminare, module de curs) reprezint\u0103 con\u021binut digital care nu este livrat pe un suport material. Sumele achitate prin intermediul webiste-ului www.neurofeedback-romania.ro pentru aceste produse nu se returneaz\u0103 (conform Ordonan\u0163ei nr. 130\/2000 cu modificarile ulterioare \u0219i OUG 34\/2014, art.16, lit.m). Prin acceptarea termenilor \u0219i condi\u021biilor&#8230;<\/p>","protected":false},"author":1,"featured_media":0,"parent":0,"menu_order":0,"comment_status":"closed","ping_status":"closed","template":"","meta":{"_acf_changed":false,"_kad_post_transparent":"","_kad_post_title":"","_kad_post_layout":"","_kad_post_sidebar_id":"","_kad_post_content_style":"","_kad_post_vertical_padding":"show","_kad_post_feature":"","_kad_post_feature_position":"","_kad_post_header":false,"_kad_post_footer":false,"_kad_post_classname":"","footnotes":""},"class_list":["post-2690","page","type-page","status-publish","hentry"],"acf":[],"_links":{"self":[{"href":"https:\/\/neurofeedback-romania.ro\/en\/wp-json\/wp\/v2\/pages\/2690","targetHints":{"allow":["GET"]}}],"collection":[{"href":"https:\/\/neurofeedback-romania.ro\/en\/wp-json\/wp\/v2\/pages"}],"about":[{"href":"https:\/\/neurofeedback-romania.ro\/en\/wp-json\/wp\/v2\/types\/page"}],"author":[{"embeddable":true,"href":"https:\/\/neurofeedback-romania.ro\/en\/wp-json\/wp\/v2\/users\/1"}],"replies":[{"embeddable":true,"href":"https:\/\/neurofeedback-romania.ro\/en\/wp-json\/wp\/v2\/comments?post=2690"}],"version-history":[{"count":2,"href":"https:\/\/neurofeedback-romania.ro\/en\/wp-json\/wp\/v2\/pages\/2690\/revisions"}],"predecessor-version":[{"id":2890,"href":"https:\/\/neurofeedback-romania.ro\/en\/wp-json\/wp\/v2\/pages\/2690\/revisions\/2890"}],"wp:attachment":[{"href":"https:\/\/neurofeedback-romania.ro\/en\/wp-json\/wp\/v2\/media?parent=2690"}],"curies":[{"name":"wp","href":"https:\/\/api.w.org\/{rel}","templated":true}]}}