{"id":2880,"date":"2021-12-16T23:52:45","date_gmt":"2021-12-16T21:52:45","guid":{"rendered":"https:\/\/neurofeedback-romania.ro\/?page_id=2880"},"modified":"2023-05-29T23:11:12","modified_gmt":"2023-05-29T20:11:12","slug":"termeni-si-conditii","status":"publish","type":"page","link":"https:\/\/neurofeedback-romania.ro\/en\/termeni-si-conditii\/","title":{"rendered":"Terms and conditions"},"content":{"rendered":"<p>Site-ul neurofeedback-romania.ro este operat de societatea comerciala <strong>NEUROWELNESS S.R.L.<\/strong>, persoan\u0103 juridic\u0103 de na\u021bionalitate rom\u00e2n\u0103, cu sediul social \u00een Pope\u0219ti Leordeni, Ilfov, Strada Solsti\u021biului Nr 2, num\u0103r de ordine \u00een Registrul Comer\u021bului J23\/5965\/2020, cod unic de \u00eenregistrare fiscal\u0103 RO40341260. Accesul \u0219i utilizarea site-ului sunt supuse reglement\u0103rilor legale \u0219i regulamentelor \u00een vigoare.<\/p>\n\n\n\n<p>Te rug\u0103m s\u0103 cite\u0219ti ace\u0219ti Termeni de utilizare cu aten\u021bie.<\/p>\n\n\n\n<p>Continuarea utiliz\u0103rii site-ului neurofeedback-romania.ro presupune acceptarea termenilor \u0219i condi\u021biilor de utilizare \u0219i respectarea acestora. Societatea \u00ee\u0219i rezerv\u0103 dreptul de a aduce modific\u0103ri \u00een orice moment site-ului \u0219i termenilor de utilizare, f\u0103r\u0103 notificare prealabil\u0103, urm\u00e2nd ca schimb\u0103rile importante s\u0103 fie comunicate \u00een mod corespunz\u0103tor.<\/p>\n\n\n\n<p>Acest site folose\u0219te cookie-uri. Continuarea utiliz\u0103rii site-ului implic\u0103 acceptul \u0219i acordul t\u0103u referitor la <a href=\"https:\/\/neurofeedback-romania.ro\/en\/informatii-cookie\/\" target=\"_blank\" data-type=\"page\" data-id=\"1038\" rel=\"noreferrer noopener\">Informa\u021biile privind cookie-urile<\/a>. \u00ce\u021bi vom aduce la cuno\u0219tin\u021b\u0103 acest lucru de fiecare dat\u0103 c\u00e2nd vizitezi site-ul nostru, p\u00e2n\u0103 la momentul \u00een care confirmi luarea la cuno\u0219tin\u021b\u0103.<\/p>\n\n\n\n<p>Site-ul neurofeedback-romania.ro poate fi utilizat pentru efectuarea comenzilor online si pentru informare. Utilizatorii site-ului nu au dreptul de a desc\u0103rca sau de a modifica par\u021bial sau integral site-ul, de a reproduce par\u021bial sau integral site-ul, de a copia, de a vinde\/revinde sau de a \u00eel exploata \u00een orice alt\u0103 manier\u0103, \u00een scopuri comerciale sau contrare intereselor companiei <strong><strong><strong>NEUROWELNESS S.R.L.<\/strong><\/strong><\/strong> f\u0103r\u0103 acordul prealabil scris. Utilizatorii site-ului pot desc\u0103rca sau copia materialele oferite \u00een acest scop, f\u0103r\u0103 a avea dreptul de a le folosi \u00een alte scopuri dec\u00e2t cele personale sau non-comerciale.<\/p>\n\n\n\n<p>Con\u021binului site-ului (text, imagini, elemente grafice, software \u0219i toate celelalte elemente), sunt proprietatea <strong><strong><strong>NEUROWELNESS S.R.L.<\/strong><\/strong><\/strong> \u0219i a colaboratorilor s\u0103i. Folosirea acestui con\u021binut f\u0103r\u0103 acordul prealabil al proprietarului este interzis\u0103 \u0219i se pedepse\u0219te conform legilor \u00een vigoare.<\/p>\n\n\n\n<p>Dreptul de a crea o leg\u0103tura web \u2013 link \u2013 c\u0103tre site-ul web este limitat, neexclusiv \u0219i revocabil, \u0219i este acordat at\u00e2t timp c\u00e2t nu aduce neajunsuri de orice fel pentru <strong><strong><strong>NEUROWELNESS S.R.L.<\/strong><\/strong><\/strong> sau oric\u0103ruia dintre partenerii no\u0219tri, numai dup\u0103 ob\u021binerea \u00een scris sau prin email a acordului nostru.<\/p>\n\n\n\n<p>Facem \u00een permanen\u021b\u0103 eforturi pentru a p\u0103stra acurate\u0163ea informa\u0163iilor prezentate pe site-ul web. Unele descrieri sau pre\u0163ul pot fi modificate f\u0103r\u0103 preaviz sau pot con\u0163ine erori de operare. Toate promo\u0163iile si reducerile prezente \u00een site sunt valabile \u00een limita perioadei de timp.<\/p>\n\n\n\n<p>Ne rezerv\u0103m dreptul de a ne selecta clien\u021bii. Cursurile \u0219i webinariile comercializate prin intermediul site-ului nostru sunt adresate persoanelor din Rom\u00e2nia ???<\/p>\n\n\n\n<p>Pre\u021burile prezentate pe site sunt pre\u021buri finale, \u00een afara cazului \u00een care se specific\u0103 \u00een mod expres altceva. \u00cen cazul \u00een care, dintr-o eroare uman\u0103 sau tehnic\u0103, pre\u021burile afi\u0219ate sunt incorecte, se consider\u0103 ca pre\u021b final pre\u021bul acceptat de c\u0103tre client.<\/p>\n\n\n\n<p><strong>Plata cursurilor \u0219i webinariilor<\/strong><\/p>\n\n\n\n<p>Cursurile, webinariile \u0219i membership-ul comandate se pot achita integral, anterior acces\u0103rii, prin plata cu cardul sau prin transfer bancar, sau \u00een dou\u0103 tran\u0219e, Depozit \u0219i Plat\u0103 viitoare. \u00cen cazul pl\u0103\u021bii prin transfer bancar, accesarea acestora va fi efectuat\u0103 numai dup\u0103 \u00eencasarea sumei aferente \u00een contul nostru bancar.<\/p>\n\n\n\n<p><strong>Accesarea cursurilor \u0219i webinariilor<\/strong><\/p>\n\n\n\n<p>Dup\u0103 efectuarea pl\u0103\u021bii, pentru cursurile \u0219i webinariile online, ve\u021bi primi un link de acces. \u00cen cazul cursurilor \u00een format fizic, ve\u021bi primi pe email \u0219i telefonic datele de accesare curs: data, ora \u0219i loca\u021bia. <\/p>\n\n\n\n<p><strong>Accesare membership<\/strong><\/p>\n\n\n\n<p>Deveni\u021bi membri cu plat\u0103 dup\u0103 achitarea taxei. Dup\u0103 verificare, \u00een maxim 24 de ore, ve\u021bi avea acces \u00een cont. Ceea ce implic\u0103 participarea la toate discu\u021biile din forum pe teme neurofeedback.<\/p>\n\n\n\n<p><strong>Returnarea<\/strong><\/p>\n\n\n\n<p>\u00cen cazul produselor \u00een format digital, webinarii, module video, sumele pl\u0103tite nu se returneaz\u0103. Pentru mai multe detalii \u00een cazul cursurilor online sau fizice, returnarea se face \u00een condi\u021biile prev\u0103zute \u00een pagina <a href=\"https:\/\/neurofeedback-romania.ro\/en\/politica-de-returnare\/\">Return policy<\/a>.<\/p>\n\n\n\n<p><strong>Comentariile clien\u021bilor \/ Review-uri \/ comentarii blog<\/strong><\/p>\n\n\n\n<p>Ne rezerv\u0103m dreptul de a nu publica pe site comentarii cu con\u021binut ilegal, obscen, amenin\u021b\u0103tor, def\u0103im\u0103tor, care tulbur\u0103 \u00een vreun fel via\u021ba privat\u0103 a altor persoane, care \u00eencalc\u0103 drepturile de proprietate intelectual\u0103, con\u021bin viru\u0219i, texte reprezent\u00e2nd mail-uri \u00een mas\u0103 sau orice alt\u0103 form\u0103 de spam.<\/p>\n\n\n\n<p>Nu ne asum\u0103m responsabilitatea pentru orice fel de daune produse de asemenea comentarii sau comunic\u0103ri electronice. \u00cen cazul trimiterii unor informa\u021bii, altele dec\u00e2t cele legate de procesul de cump\u0103re\/v\u00e2nzare a unor produse, se consider\u0103 c\u0103 ne conferi dreptul neexclusiv, nelimitat, gratuit, irevocabil si retransmisibil de a le folosi, reproduce, modifica, adapta, publica, traduce, precum \u0219i dreptul de a le distribui prin orice mijloc media oriunde.<\/p>\n\n\n\n<p><strong>Abonarea \u0219i dezabonarea la newsletter<\/strong><\/p>\n\n\n\n<p>Abonarea \u0219i dezabonarea la newsletter-ul nostru este gratuit\u0103 \u0219i voluntar\u0103, \u0219i implic\u0103 acceptarea urm\u0103torilor termeni de utilizare. Oric\u00e2nd te vei putea dezabona urm\u00e2nd instruc\u021biunile din subsolul fiecarui e-mail.<\/p>\n\n\n\n<p>Mesajele trimise respect\u0103 legisla\u021bia aplicabil\u0103 \u00een ceea ce prive\u0219te comunicarea comercial\u0103 a\u0219a cum este ea stipulat\u0103 de legisla\u021bia rom\u00e2neasc\u0103 \u0219i interna\u021bional\u0103.<\/p>\n\n\n\n<p>Utilizarea newsletter-ului se face \u00een acelea\u0219i condi\u021bii de limitare a r\u0103spunderii din punctul de vedere al con\u021binutului ca \u0219i \u00een cazul site-ului, \u00een condi\u021biile prev\u0103zute de ace\u0219ti termeni \u0219i condi\u021bii.<\/p>\n\n\n\n<p><strong><strong><strong><strong><strong>NEUROWELNESS S.R.L.<\/strong><\/strong><\/strong><\/strong><\/strong> de\u021bine toate drepturile asupra con\u021binutului newsletter-ului trimis c\u0103tre abona\u021bi \u00een acelea\u0219i condi\u021bii ca \u0219i pentru informa\u021biile publicate pe site, \u00een concordan\u021b\u0103 cu prevederile termenilor \u0219i condi\u021biilor prezente.<\/p>\n\n\n\n<p><strong>Solu\u021bionarea litigiilor<\/strong><\/p>\n\n\n\n<p>Facem tot posibilul ca ne\u00een\u021belegerile privind orice tip de disput\u0103 s\u0103 fie rezolvate pe cale amiabil\u0103. \u00cen cazul \u00een care rezolvarea ne\u00een\u021belegerilor nu este posibil\u0103 pe cale amiabil\u0103, solu\u021bionarea litigiilor va reveni instan\u021belor judec\u0103tore\u0219ti competente.<\/p>\n\n\n\n<p>Ace\u0219ti Termeni de utilizare reprezint\u0103 \u00een\u021belegerea dintre tine \u0219i noi cu privire la utilizarea site-ului web neurofeedback-romania.ro. Nici o alt\u0103 declara\u021bie, oral\u0103 sau scris\u0103, care nu este inclus\u0103 \u00een ace\u0219ti Termenii de utilizare nu este obligatorie nici pentru tine, nici pentru noi, dac\u0103 nu a fost convenit\u0103 de comun acord.<\/p>","protected":false},"excerpt":{"rendered":"<p>Site-ul neurofeedback-romania.ro este operat de societatea comerciala NEUROWELNESS S.R.L., persoan\u0103 juridic\u0103 de na\u021bionalitate rom\u00e2n\u0103, cu sediul social \u00een Pope\u0219ti Leordeni, Ilfov, Strada Solsti\u021biului Nr 2, num\u0103r de ordine \u00een Registrul Comer\u021bului J23\/5965\/2020, cod unic de \u00eenregistrare fiscal\u0103 RO40341260. Accesul \u0219i utilizarea site-ului sunt supuse reglement\u0103rilor legale \u0219i regulamentelor \u00een vigoare. Te rug\u0103m s\u0103 cite\u0219ti ace\u0219ti&#8230;<\/p>","protected":false},"author":1,"featured_media":0,"parent":0,"menu_order":0,"comment_status":"closed","ping_status":"closed","template":"","meta":{"_acf_changed":false,"_kad_post_transparent":"","_kad_post_title":"","_kad_post_layout":"","_kad_post_sidebar_id":"","_kad_post_content_style":"","_kad_post_vertical_padding":"show","_kad_post_feature":"","_kad_post_feature_position":"","_kad_post_header":false,"_kad_post_footer":false,"_kad_post_classname":"","footnotes":""},"class_list":["post-2880","page","type-page","status-publish","hentry"],"acf":[],"_links":{"self":[{"href":"https:\/\/neurofeedback-romania.ro\/en\/wp-json\/wp\/v2\/pages\/2880","targetHints":{"allow":["GET"]}}],"collection":[{"href":"https:\/\/neurofeedback-romania.ro\/en\/wp-json\/wp\/v2\/pages"}],"about":[{"href":"https:\/\/neurofeedback-romania.ro\/en\/wp-json\/wp\/v2\/types\/page"}],"author":[{"embeddable":true,"href":"https:\/\/neurofeedback-romania.ro\/en\/wp-json\/wp\/v2\/users\/1"}],"replies":[{"embeddable":true,"href":"https:\/\/neurofeedback-romania.ro\/en\/wp-json\/wp\/v2\/comments?post=2880"}],"version-history":[{"count":2,"href":"https:\/\/neurofeedback-romania.ro\/en\/wp-json\/wp\/v2\/pages\/2880\/revisions"}],"predecessor-version":[{"id":3596,"href":"https:\/\/neurofeedback-romania.ro\/en\/wp-json\/wp\/v2\/pages\/2880\/revisions\/3596"}],"wp:attachment":[{"href":"https:\/\/neurofeedback-romania.ro\/en\/wp-json\/wp\/v2\/media?parent=2880"}],"curies":[{"name":"wp","href":"https:\/\/api.w.org\/{rel}","templated":true}]}}