{"id":4394,"date":"2023-12-17T02:19:31","date_gmt":"2023-12-17T00:19:31","guid":{"rendered":"https:\/\/neurofeedback-romania.ro\/?page_id=4394"},"modified":"2024-03-27T22:27:32","modified_gmt":"2024-03-27T20:27:32","slug":"partner-tickets-acan-2024","status":"publish","type":"page","link":"https:\/\/neurofeedback-romania.ro\/en\/partner-tickets-acan-2024\/","title":{"rendered":"The Annual Conference for Applied Neurofeedback (ACAN International) 2024, Bucharest, Romania"},"content":{"rendered":"<div data-elementor-type=\"wp-page\" data-elementor-id=\"4394\" class=\"elementor elementor-4394\" data-elementor-post-type=\"page\">\n\t\t\t\t\t\t<section class=\"elementor-section elementor-top-section elementor-element elementor-element-6dd09dd8 elementor-section-boxed elementor-section-height-default elementor-section-height-default\" data-id=\"6dd09dd8\" data-element_type=\"section\" data-e-type=\"section\">\n\t\t\t\t\t\t<div class=\"elementor-container elementor-column-gap-default\">\n\t\t\t\t\t<div class=\"elementor-column elementor-col-100 elementor-top-column elementor-element elementor-element-117ccdad\" data-id=\"117ccdad\" data-element_type=\"column\" data-e-type=\"column\">\n\t\t\t<div class=\"elementor-widget-wrap elementor-element-populated\">\n\t\t\t\t\t\t<div class=\"elementor-element elementor-element-9e20332 elementor-widget elementor-widget-html\" data-id=\"9e20332\" data-element_type=\"widget\" data-e-type=\"widget\" data-widget_type=\"html.default\">\n\t\t\t\t<div class=\"elementor-widget-container\">\n\t\t\t\t\t<script async\n  src=\"https:\/\/js.stripe.com\/v3\/buy-button.js\">\n<\/script>\n\n<stripe-buy-button\n  buy-button-id=\"buy_btn_1Oz2nEJuif7n3sR4WDaRm45f\"\n  publishable-key=\"pk_live_51OGJ8ZJuif7n3sR4JCmQVujMmKEHPA2mUzfrGh8Macx3chbGxlI4ZPqxSmGNXKtndJfmx5tbLn4gng7pz8p8Tre500IB7ZZJfR\"\n>\n<\/stripe-buy-button>\t\t\t\t<\/div>\n\t\t\t\t<\/div>\n\t\t\t\t<div class=\"elementor-element elementor-element-11c37f33 elementor-widget elementor-widget-text-editor\" data-id=\"11c37f33\" data-element_type=\"widget\" data-e-type=\"widget\" data-widget_type=\"text-editor.default\">\n\t\t\t\t<div class=\"elementor-widget-container\">\n\t\t\t\t\t\t\t\t\t<p><\/p>\n<p><strong><em>The confirmation you will receive after payment is only valid if you are a Bee Medic partner.<\/em><\/strong><\/p>\n<p><\/p>\n<p><\/p>\n<p>The Second Annual Conference for Applied Neurofeedback (ACAN International) 2024 will take place on the 7th &#8211; 8th of June 2024 in Bucharest, Romania at <a href=\"https:\/\/www.hotelcaro.ro\/\" target=\"_blank\" rel=\"noreferrer noopener\">Hotel CARO<\/a>.<\/p>\n<p><\/p>\n<p><\/p>\n<ul class=\"wp-block-list\">\n<li><a href=\"https:\/\/www.youtube.com\/watch?v=-bb9PEeQP-A&amp;feature=share7&amp;ab_channel=CaroHotel\" target=\"_blank\" rel=\"noreferrer noopener\">See the hotel<\/a><\/li>\n<li><a href=\"https:\/\/bookings.travelclick.com\/106580?domain=www.google.com&amp;groupID=4119901#\/guestsandrooms\" target=\"_blank\" rel=\"noreferrer noopener\">Reserve a room<\/a><\/li>\n<\/ul>\n<p><\/p>\n<p><\/p>\n<p>This conference is organized by Neurofeedback Romania in partnership with <a href=\"https:\/\/beemedic.com\/en\" target=\"_blank\" rel=\"noreferrer noopener\" data-schema-attribute=\"mentions\">Bee Medic<\/a>.<\/p>\n<p><\/p>\n<p><\/p>\n<p><strong>Speakers<\/strong> <strong>ACAN 2024:<\/strong><\/p>\n<p><\/p>\n<p><\/p>\n<ul class=\"wp-block-list\">\n<li>Siegfried Othmer<\/li>\n<li>Meike Wiedemann<\/li>\n<li>Dr. Roxana Sasu<\/li>\n<li>Daniela Ni\u021b\u0103 PhD<\/li>\n<li>Olga Kara PhD<\/li>\n<li>Dr. C\u0103t\u0103lina Ciubot\u0103rescu<\/li>\n<li>Horst Schneider<\/li>\n<li>Dr. Shemaila Saleem<\/li>\n<li>Dr. Henning Laugesen<\/li>\n<li>Dr. Victoria Ibric<\/li>\n<li>Saghar Vosgouh<\/li>\n<li>Florentina Alden<\/li>\n<\/ul>\n<p><\/p>\n<p><\/p>\n<p>Bee Medic has organized the First Annual Conference for Applied Neurofeedback (ACAN) in June 2023, in Birmingham, UK. You can read about it <a href=\"https:\/\/beemedic.com\/en\/was-acan-2023\" target=\"_blank\" rel=\"noreferrer noopener\">HERE<\/a>.<\/p>\n<p><\/p>\n<p><\/p>\n<p><\/p>\t\t\t\t\t\t\t\t<\/div>\n\t\t\t\t<\/div>\n\t\t\t\t\t<\/div>\n\t\t<\/div>\n\t\t\t\t\t<\/div>\n\t\t<\/section>\n\t\t\t\t<\/div>","protected":false},"excerpt":{"rendered":"<p>The confirmation you will receive after payment is only valid if you are a Bee Medic partner. The Second Annual Conference for Applied Neurofeedback (ACAN International) 2024 will take place on the 7th &#8211; 8th of June 2024 in Bucharest, Romania at Hotel CARO. See the hotel Reserve a room This conference is organized by&#8230;<\/p>","protected":false},"author":4,"featured_media":0,"parent":0,"menu_order":0,"comment_status":"closed","ping_status":"closed","template":"","meta":{"_acf_changed":false,"_kad_post_transparent":"","_kad_post_title":"","_kad_post_layout":"","_kad_post_sidebar_id":"","_kad_post_content_style":"","_kad_post_vertical_padding":"","_kad_post_feature":"","_kad_post_feature_position":"","_kad_post_header":false,"_kad_post_footer":false,"_kad_post_classname":"","footnotes":""},"class_list":["post-4394","page","type-page","status-publish","hentry"],"acf":[],"_links":{"self":[{"href":"https:\/\/neurofeedback-romania.ro\/en\/wp-json\/wp\/v2\/pages\/4394","targetHints":{"allow":["GET"]}}],"collection":[{"href":"https:\/\/neurofeedback-romania.ro\/en\/wp-json\/wp\/v2\/pages"}],"about":[{"href":"https:\/\/neurofeedback-romania.ro\/en\/wp-json\/wp\/v2\/types\/page"}],"author":[{"embeddable":true,"href":"https:\/\/neurofeedback-romania.ro\/en\/wp-json\/wp\/v2\/users\/4"}],"replies":[{"embeddable":true,"href":"https:\/\/neurofeedback-romania.ro\/en\/wp-json\/wp\/v2\/comments?post=4394"}],"version-history":[{"count":2,"href":"https:\/\/neurofeedback-romania.ro\/en\/wp-json\/wp\/v2\/pages\/4394\/revisions"}],"predecessor-version":[{"id":4693,"href":"https:\/\/neurofeedback-romania.ro\/en\/wp-json\/wp\/v2\/pages\/4394\/revisions\/4693"}],"wp:attachment":[{"href":"https:\/\/neurofeedback-romania.ro\/en\/wp-json\/wp\/v2\/media?parent=4394"}],"curies":[{"name":"wp","href":"https:\/\/api.w.org\/{rel}","templated":true}]}}