{"id":4408,"date":"2023-12-18T22:27:19","date_gmt":"2023-12-18T20:27:19","guid":{"rendered":"https:\/\/neurofeedback-romania.ro\/?page_id=4408"},"modified":"2024-03-27T22:47:09","modified_gmt":"2024-03-27T20:47:09","slug":"bilete-comunitate-nfb-ro-acan-2024","status":"publish","type":"page","link":"https:\/\/neurofeedback-romania.ro\/en\/bilete-comunitate-nfb-ro-acan-2024\/","title":{"rendered":"Conferin\u021ba Anual\u0103 Interna\u021bional\u0103 de Neurofeedback Aplicat (ACAN International) 2024, Bucure\u0219ti, Romania"},"content":{"rendered":"<div data-elementor-type=\"wp-page\" data-elementor-id=\"4408\" class=\"elementor elementor-4408\" data-elementor-post-type=\"page\">\n\t\t\t\t\t\t<section class=\"elementor-section elementor-top-section elementor-element elementor-element-be012d9 elementor-section-boxed elementor-section-height-default elementor-section-height-default\" data-id=\"be012d9\" data-element_type=\"section\" data-e-type=\"section\">\n\t\t\t\t\t\t<div class=\"elementor-container elementor-column-gap-default\">\n\t\t\t\t\t<div class=\"elementor-column elementor-col-100 elementor-top-column elementor-element elementor-element-351e8f90\" data-id=\"351e8f90\" data-element_type=\"column\" data-e-type=\"column\">\n\t\t\t<div class=\"elementor-widget-wrap elementor-element-populated\">\n\t\t\t\t\t\t<div class=\"elementor-element elementor-element-4913144 elementor-widget elementor-widget-html\" data-id=\"4913144\" data-element_type=\"widget\" data-e-type=\"widget\" data-widget_type=\"html.default\">\n\t\t\t\t<div class=\"elementor-widget-container\">\n\t\t\t\t\t<script async\n  src=\"https:\/\/js.stripe.com\/v3\/buy-button.js\">\n<\/script>\n\n<stripe-buy-button\n  buy-button-id=\"buy_btn_1Oz3LEJuif7n3sR4ORGMGusy\"\n  publishable-key=\"pk_live_51OGJ8ZJuif7n3sR4JCmQVujMmKEHPA2mUzfrGh8Macx3chbGxlI4ZPqxSmGNXKtndJfmx5tbLn4gng7pz8p8Tre500IB7ZZJfR\"\n>\n<\/stripe-buy-button>\t\t\t\t<\/div>\n\t\t\t\t<\/div>\n\t\t\t\t<div class=\"elementor-element elementor-element-27e4251a elementor-widget elementor-widget-text-editor\" data-id=\"27e4251a\" data-element_type=\"widget\" data-e-type=\"widget\" data-widget_type=\"text-editor.default\">\n\t\t\t\t<div class=\"elementor-widget-container\">\n\t\t\t\t\t\t\t\t\t\n<p><em><strong>Confirmarea primit\u0103 dup\u0103 plat\u0103 este valid\u0103 doar pentru membrii comunit\u0103\u021bii Neurofeedback Rom\u00e2nia care lucreaz\u0103 activ ca terapeu\u021bi Neurofeedback ILF cu echipamentul Bee Medic.<\/strong><\/em><\/p>\n\n\n\n<p>A doua Conferin\u021b\u0103 Anual\u0103 Interna\u021bional\u0103 pentru Neurofeedback Aplicat (ACAN International) 2024 va avea loc pe 7-8 iunie 2024 \u00een Bucure\u0219ti, Rom\u00e2nia, la <a href=\"https:\/\/www.hotelcaro.ro\/\" target=\"_blank\" rel=\"noreferrer noopener\">Hotel CARO<\/a>.<\/p>\n\n\n\n<ul class=\"wp-block-list\"><li><a href=\"https:\/\/www.youtube.com\/watch?v=-bb9PEeQP-A&amp;feature=share7&amp;ab_channel=CaroHotel\" target=\"_blank\" rel=\"noopener\">Vede\u021bi hotelul aici<\/a><\/li><li><a href=\"https:\/\/bookings.travelclick.com\/106580?domain=www.google.com&amp;groupID=4119901#\/guestsandrooms\" target=\"_blank\" rel=\"noopener\">Rezerva\u021bi o camer\u0103 aici<\/a><\/li><\/ul>\n\n\n\n<p>Aceast\u0103 conferin\u021b\u0103 este organizat\u0103 de Neurofeedback Romania \u00een parteneriat cu <a href=\"https:\/\/beemedic.com\/en\" target=\"_blank\" rel=\"noopener\">Bee Medic<\/a>.<\/p>\n\n\n\n<p><strong>Speakeri ACAN 2024:<\/strong><\/p>\n\n\n\n<ul class=\"wp-block-list\"><li>Siegfried Othmer<\/li><li>Meike Wiedemann<\/li><li>Dr. Roxana Sasu<\/li><li>Daniela Ni\u021b\u0103 PhD<\/li><li>Olga Kara PhD<\/li><li>Dr. C\u0103t\u0103lina Ciubot\u0103rescu<\/li><li>Horst Schneider<\/li><li>Dr. Shemaila Saleem<\/li><li>Dr. Henning Laugesen<\/li><li>Dr. Victoria Ibric<\/li><li>Saghar Vosgouh<\/li><li>Florentina Alden<\/li><\/ul>\n\n\n\n<p>Bee Medic a organizat Prima Conferin\u021b\u0103 Anual\u0103 Interna\u021bional\u0103 pentru Neurofeedback Aplicat (ACAN) \u00een luna iunie 2023, la Birmingham, Marea Britanie. Pute\u021bi citi despre prima edi\u021bie a conferin\u021bei <a href=\"https:\/\/beemedic.com\/en\/was-acan-2023\" target=\"_blank\" rel=\"noopener\">AICI<\/a>.<\/p>\n\n\n\n<p><\/p>\n\t\t\t\t\t\t\t\t<\/div>\n\t\t\t\t<\/div>\n\t\t\t\t\t<\/div>\n\t\t<\/div>\n\t\t\t\t\t<\/div>\n\t\t<\/section>\n\t\t\t\t<\/div>","protected":false},"excerpt":{"rendered":"<p>Confirmarea primit\u0103 dup\u0103 plat\u0103 este valid\u0103 doar pentru membrii comunit\u0103\u021bii Neurofeedback Rom\u00e2nia care lucreaz\u0103 activ ca terapeu\u021bi Neurofeedback ILF cu echipamentul Bee Medic. A doua Conferin\u021b\u0103 Anual\u0103 Interna\u021bional\u0103 pentru Neurofeedback Aplicat (ACAN International) 2024 va avea loc pe 7-8 iunie 2024 \u00een Bucure\u0219ti, Rom\u00e2nia, la Hotel CARO. Vede\u021bi hotelul aici Rezerva\u021bi o camer\u0103 aici Aceast\u0103&#8230;<\/p>","protected":false},"author":4,"featured_media":0,"parent":0,"menu_order":0,"comment_status":"closed","ping_status":"closed","template":"","meta":{"_acf_changed":false,"_kad_post_transparent":"","_kad_post_title":"","_kad_post_layout":"","_kad_post_sidebar_id":"","_kad_post_content_style":"","_kad_post_vertical_padding":"","_kad_post_feature":"","_kad_post_feature_position":"","_kad_post_header":false,"_kad_post_footer":false,"_kad_post_classname":"","footnotes":""},"class_list":["post-4408","page","type-page","status-publish","hentry"],"acf":[],"_links":{"self":[{"href":"https:\/\/neurofeedback-romania.ro\/en\/wp-json\/wp\/v2\/pages\/4408","targetHints":{"allow":["GET"]}}],"collection":[{"href":"https:\/\/neurofeedback-romania.ro\/en\/wp-json\/wp\/v2\/pages"}],"about":[{"href":"https:\/\/neurofeedback-romania.ro\/en\/wp-json\/wp\/v2\/types\/page"}],"author":[{"embeddable":true,"href":"https:\/\/neurofeedback-romania.ro\/en\/wp-json\/wp\/v2\/users\/4"}],"replies":[{"embeddable":true,"href":"https:\/\/neurofeedback-romania.ro\/en\/wp-json\/wp\/v2\/comments?post=4408"}],"version-history":[{"count":2,"href":"https:\/\/neurofeedback-romania.ro\/en\/wp-json\/wp\/v2\/pages\/4408\/revisions"}],"predecessor-version":[{"id":4704,"href":"https:\/\/neurofeedback-romania.ro\/en\/wp-json\/wp\/v2\/pages\/4408\/revisions\/4704"}],"wp:attachment":[{"href":"https:\/\/neurofeedback-romania.ro\/en\/wp-json\/wp\/v2\/media?parent=4408"}],"curies":[{"name":"wp","href":"https:\/\/api.w.org\/{rel}","templated":true}]}}