{"id":5087,"date":"2024-04-22T02:12:11","date_gmt":"2024-04-21T23:12:11","guid":{"rendered":"https:\/\/neurofeedback-romania.ro\/?page_id=5087"},"modified":"2024-04-22T19:08:46","modified_gmt":"2024-04-22T16:08:46","slug":"webinar-acan-2024","status":"publish","type":"page","link":"https:\/\/neurofeedback-romania.ro\/en\/webinar-acan-2024\/","title":{"rendered":"Webinar Gratuit &#8211; Dr. C\u0103t\u0103lina Ciubot\u0103rescu &#8211; Efectele terapiei Neurofeedback \u00een cazurile de ADHD, Alzheimer \u0219i Demen\u021b\u0103"},"content":{"rendered":"<div class=\"wp-block-media-text alignwide is-stacked-on-mobile\"><figure class=\"wp-block-media-text__media\"><img fetchpriority=\"high\" decoding=\"async\" width=\"1024\" height=\"538\" src=\"https:\/\/neurofeedback-romania.ro\/wp-content\/uploads\/2024\/04\/Catalina-si-Florentina-1024x538.png\" alt=\"\" class=\"wp-image-5097 size-full\" srcset=\"https:\/\/neurofeedback-romania.ro\/wp-content\/uploads\/2024\/04\/Catalina-si-Florentina-1024x538.png 1024w, https:\/\/neurofeedback-romania.ro\/wp-content\/uploads\/2024\/04\/Catalina-si-Florentina-300x158.png 300w, https:\/\/neurofeedback-romania.ro\/wp-content\/uploads\/2024\/04\/Catalina-si-Florentina-768x403.png 768w, https:\/\/neurofeedback-romania.ro\/wp-content\/uploads\/2024\/04\/Catalina-si-Florentina-18x9.png 18w, https:\/\/neurofeedback-romania.ro\/wp-content\/uploads\/2024\/04\/Catalina-si-Florentina-600x315.png 600w, https:\/\/neurofeedback-romania.ro\/wp-content\/uploads\/2024\/04\/Catalina-si-Florentina.png 1200w\" sizes=\"(max-width: 1024px) 100vw, 1024px\" \/><\/figure><div class=\"wp-block-media-text__content\">\n<p class=\"has-large-font-size\">Dr. C\u0103t\u0103lina Ciubot\u0103rescu \u00een conversa\u021bie cu Florentina Alden, co-fondator Neurofeedback Romania.<\/p>\n<\/div><\/div>\n\n\n\n<h4 class=\"wp-block-heading\"><strong>Data &#8211; 26 aprilie 2024<\/strong><\/h4>\n\n\n\n<h4 class=\"wp-block-heading\"><strong>Ora &#8211; 18:00<\/strong><\/h4>\n\n\n\n<h5 class=\"wp-block-heading\"><strong>Agenda:<\/strong><\/h5>\n\n\n\n<ul class=\"wp-block-list\"><li>Ce este Neurofeedback-ul?<\/li><li>Efectele terapiei Neurofeedback \u00een cazurile de ADHD<\/li><li>Stimularea pulsului transcranian folosind sistemul Neurolinth \u0219i Neurofeedback pentru afec\u021biuni neurologice precum Alzheimer \u0219i demen\u021b\u0103.<\/li><\/ul>\n\n\n\n<div class=\"wp-block-buttons alignfull is-content-justification-center is-layout-flex wp-container-core-buttons-is-layout-16018d1d wp-block-buttons-is-layout-flex\">\n<div class=\"wp-block-button\"><a class=\"wp-block-button__link\" href=\"https:\/\/form.jotform.com\/Neurofeedback_Romania\/webinar-acan\" target=\"_blank\" rel=\"noreferrer noopener\">\u00censcrie-te la webinar<\/a><\/div>\n<\/div>\n\n\n\n<p>Acest webinar face parte dintr-o serie de webinarii gratuite organizate de Neurofeedback Rom\u00e2nia al\u0103turi de exper\u021bii din cadrul primei conferin\u021be de Neurofeedback din Romania ce va avea loc la Bucure\u0219ti, \u00een perioada 7-8 iunie.<\/p>\n\n\n\n<p>Seria de webinarii se adreseaz\u0103 practicienilor din domeniul s\u0103n\u0103t\u0103\u021bii \u0219i domeniile conexe interesa\u021bi s\u0103 afle despre Neurofeedback \u0219i\/sau s\u0103 aprofundeze tehnologia \u0219i aplica\u021biile neurofeedback-ului. <\/p>\n\n\n\n<p>\u00cen cele 3 webinarii vei afla direct de la invita\u021bii ACAN Romania despre cele mai recente cercet\u0103ri \u0219i studii de caz ce vor fi prezentate pe larg \u00een cadrul conferin\u021bei. <\/p>\n\n\n\n<p>Fiecare webinar este o oportunitate excelent\u0103 de a \u00eenv\u0103\u021ba mai multe despre cum neurofeedback-ul poate fi integrat \u00een practica medical\u0103 pentru a \u00eembun\u0103t\u0103\u021bi rezultatele tratamentelor. Nu rata aceast\u0103 \u0219ans\u0103 unic\u0103 de a te conecta cu exper\u021bi de top \u0219i de a-\u021bi extinde cuno\u0219tin\u021bele \u00eentr-un domeniu revolu\u021bionar al s\u0103n\u0103t\u0103\u021bii mintale.<\/p>\n\n\n\n<div class=\"wp-block-buttons alignfull is-content-justification-center is-layout-flex wp-container-core-buttons-is-layout-16018d1d wp-block-buttons-is-layout-flex\">\n<div class=\"wp-block-button\"><a class=\"wp-block-button__link\" href=\"https:\/\/form.jotform.com\/Neurofeedback_Romania\/webinar-acan\" target=\"_blank\" rel=\"noreferrer noopener\">\u00censcrie-te la webinar<\/a><\/div>\n<\/div>\n\n\n\n<h4 class=\"wp-block-heading\">C\u0103t\u0103lina Ciubot\u0103rescu<\/h4>\n\n\n\n<p>Dr. C\u0103t\u0103lina Ioana Ciubot\u0103rescu, a psychiatrist with over 10 years of experience, works in both public hospitals and private clinics in Romania. In addition to providing neurofeedback treatments to her patients, Dr. Ciubot\u0103rescu is the only psychiatrist in Romania offering advanced treatments for Alzheimer\u2019s and dementia using the innovative \u201cNeurolinth\u201d technology, with remarkable results. She also has additional training in the microbiome and neuroscience.<\/p>\n\n\n\n<p>Dr. Ciubot\u0103rescu este lector la EEG Info Europe, precum \u0219i la Institutul de Neurofeedback din Rom\u00e2nia.<\/p>\n\n\n\n<h4 class=\"wp-block-heading\">Florentina Alden<\/h4>\n\n\n\n<p>Florentina este cofondatoare \u0219i CEO al Neurofeedback Rom\u00e2nia, un startup inovator de neurofeedback cu sediul \u00een Rom\u00e2nia. Cu o misiune dedicat\u0103 \u00eembun\u0103t\u0103\u021birii s\u0103n\u0103t\u0103\u021bii mintale \u00een Europa de Est, compania ofer\u0103 antrenamente \u0219i tehnologii de neurofeedback de ultim\u0103 genera\u021bie pentru psihoterapeu\u021bi \u0219i profesioni\u0219ti din domeniul medical.<\/p>\n\n\n\n<p>Florentina de\u021bine un masterat \u00een psihologie spiritual\u0103 \u0219i o certificare de <em>health coach<\/em> de la Institutul pentru Nutri\u021bie Integrativ\u0103 \u0219i a fost \u00een avangarda inova\u021biei \u00een industria prejudiciilor personale \u00een SUA. A revolu\u021bionat planurile de tratament pentru victimele accidentelor introduc\u00e2nd o abordare holistic\u0103 care include coaching pentru via\u021b\u0103 \u0219i wellness al\u0103turi de antrenamentul de neurofeedback.<\/p>\n\n\n\n<p>Cu o experien\u021b\u0103 bogat\u0103 \u00een lucrul cu clien\u021bi diversi, Florentina a ajutat mii de persoane care se confrunt\u0103 cu anxietate, depresie, dureri cronice, inflama\u021bii, probleme rela\u021bionale, tranzi\u021bii de carier\u0103, \u0219ocuri culturale \u0219i provoc\u0103ri legate de performan\u021be de v\u00e2rf. Abordarea ei integreaz\u0103 tehnici de neuro\u0219tiin\u021b\u0103, psihologie pozitiv\u0103 \u0219i principii de s\u0103n\u0103tate holistic\u0103 pentru a promova bun\u0103starea.<\/p>\n\n\n\n<p>\u00cen afara practicii sale private, Florentina \u00ee\u0219i extinde expertiza implement\u00e2nd protocoale de wellness \u00een medii medicale, oferind servicii de consultan\u021b\u0103 practicilor de neurofeedback din Los Angeles \u0219i proiect\u00e2nd programe de wellness corporative pentru organiza\u021bii. Florentina este o speaker inspira\u021bional premiat, captiv\u00e2nd audien\u021ba cu viziunile \u0219i pasiunea ei pentru bun\u0103starea mental\u0103.<\/p>\n\n\n\n<h4 class=\"wp-block-heading\">Neurofeedback Romania<\/h4>\n\n\n\n<p>Neurofeedbackul a ap\u0103rut ca o metod\u0103 terapeutic\u0103 promi\u021b\u0103toare, \u00eens\u0103 integrarea sa \u00een practica clinic\u0103 necesit\u0103 mai mult dec\u00e2t expertiz\u0103 tehnic\u0103. Aceast\u0103 prezentare interactiv\u0103 exploreaz\u0103 rolul crucial al pasiunii \u0219i scopului \u00een cultivarea unei practici prospere de neurofeedback. Combin\u00e2nd rigurozitatea \u0219tiin\u021bific\u0103 cu o abordare profund empatic\u0103, practicienii pot forma conexiuni semnificative cu clien\u021bii, cultiv\u00e2nd \u00eencrederea \u0219i angajamentul. Prin strategii practice, participan\u021bii vor descoperi cum s\u0103-\u0219i infuzeze practica cu pasiune autentic\u0103, aliniindu-\u0219i munca cu un sens mai profund. Ei vor pleca cu claritate \u0219i perspective ac\u021bionabile c\u0103tre \u00eemplinire profesional\u0103 \u0219i cre\u0219tere durabil\u0103.<\/p>\n\n\n\n<h4 class=\"wp-block-heading\">ACAN International &amp; ACAN Romania<\/h4>\n\n\n\n<p>ACAN este prima \u0219i singura conferin\u021b\u0103 de Neurofeedback organizat\u0103 \u00een Rom\u00e2nia. Prima edi\u021bie ACAN Romania va avea loc la Bucure\u0219ti, \u00een acela\u0219i timp cu a doua edi\u021bie a Conferin\u021bei Interna\u021bionale de Neurofeedback (ACAN International) ce va reuni profesioni\u0219ti din \u00eentreaga lume.<\/p>\n\n\n\n<p>ACAN Romania este dedicat\u0103 profesioni\u0219tilor din domeniul s\u0103n\u0103t\u0103\u021bii \u0219i al s\u0103n\u0103t\u0103\u021bii mintale din Rom\u00e2nia care \u00ee\u0219i doresc s\u0103 aprofundeze subiectul Neurofeedback-ului, s\u0103 cunoasc\u0103 al\u021bi profesioni\u0219ti \u0219i practicieni Neurofeedback \u0219i s\u0103 afle despre progresele \u0219i inova\u021biile din acest domeniu.<\/p>\n\n\n\n<p><strong>Discu\u021biile \u0219i workshop-urile din cadrul <a href=\"https:\/\/neurofeedback-romania.ro\/en\/acan\/romania\/\" target=\"_blank\" rel=\"noreferrer noopener\">ACAN Romania<\/a> vor fi livrate exclusiv \u00een limba rom\u00e2n\u0103.<\/strong><\/p>\n\n\n\n<p><strong>Discu\u021biile \u0219i workshop-urile din cadrul\u00a0<a href=\"https:\/\/neurofeedback-romania.ro\/en\/acan\/\">ACAN International<\/a>\u00a0vor fi livrate exclusiv \u00een limba englez\u0103.<\/strong><\/p>\n\n\n\n<p>Deoarece ne dorim s\u0103 \u00eencuraj\u0103m participarea profesioni\u0219tilor \u0219i practicienilor din domeniul medical \u0219i domeniile conexe din Rom\u00e2nia,\u00a0<strong>biletele pentru <a href=\"https:\/\/neurofeedback-romania.ro\/en\/acan\/romania\/\" target=\"_blank\" rel=\"noreferrer noopener\">ACAN Romania<\/a>\u00a0\u00a0\u0219i\u00a0<a href=\"https:\/\/neurofeedback-romania.ro\/en\/acan\/#acan\" target=\"_blank\" rel=\"noreferrer noopener\">ACAN International<\/a>\u00a0au un pre\u021b special, beneficiind de o reducere de 50%.<\/strong>\u00a0<\/p>\n\n\n\n<p>Un singur bilet redus ofer\u0103 acces nelimitat atat pentru\u00a0<strong>ACAN International<\/strong>, c\u00e2t \u0219i pentru\u00a0<strong>ACAN Romania<\/strong>. Cele dou\u0103 conferin\u021be vor avea loc \u00een tandem, pe\u00a07-8 iunie 2024, la hotel Caro, \u00een Bucure\u0219ti.<\/p>\n\n\n\n<p><strong>Participan\u021bii vor avea op\u021biunea de a alege \u00eentre discu\u021biile\/workshop-urile oferite \u00een cadrul\u00a0<a href=\"https:\/\/neurofeedback-romania.ro\/en\/acan\/#acan\" target=\"_blank\" rel=\"noreferrer noopener\">ACAN International<\/a>\u00a0\u0219i <a href=\"https:\/\/neurofeedback-romania.ro\/en\/acan\/romania\/\" target=\"_blank\" rel=\"noreferrer noopener\">ACAN Romania<\/a>, \u00een func\u021bie de interes \u0219i de limba vorbit\u0103.<\/strong><\/p>\n\n\n\n<h5 class=\"wp-block-heading\">\u00censcrie-te la Webinar complet\u00e2nd formularul de mai jos<\/h5>\n\n\n\n<script type=\"text\/javascript\" src=\"https:\/\/form.jotform.com\/jsform\/230916357211350\"><\/script>\n\n\n\n<p><\/p>\n\n\n\n<div class=\"wp-block-buttons is-layout-flex wp-block-buttons-is-layout-flex\"><\/div>","protected":false},"excerpt":{"rendered":"<p>Dr. C\u0103t\u0103lina Ciubot\u0103rescu \u00een conversa\u021bie cu Florentina Alden, co-fondator Neurofeedback Romania. Data &#8211; 26 aprilie 2024 Ora &#8211; 18:00 Agenda: Ce este Neurofeedback-ul? Efectele terapiei Neurofeedback \u00een cazurile de ADHD Stimularea pulsului transcranian folosind sistemul Neurolinth \u0219i Neurofeedback pentru afec\u021biuni neurologice precum Alzheimer \u0219i demen\u021b\u0103. Acest webinar face parte dintr-o serie de webinarii gratuite organizate&#8230;<\/p>","protected":false},"author":4,"featured_media":0,"parent":0,"menu_order":0,"comment_status":"closed","ping_status":"closed","template":"","meta":{"_acf_changed":false,"_kad_post_transparent":"","_kad_post_title":"","_kad_post_layout":"","_kad_post_sidebar_id":"","_kad_post_content_style":"","_kad_post_vertical_padding":"","_kad_post_feature":"","_kad_post_feature_position":"","_kad_post_header":false,"_kad_post_footer":false,"_kad_post_classname":"","footnotes":""},"class_list":["post-5087","page","type-page","status-publish","hentry"],"acf":[],"_links":{"self":[{"href":"https:\/\/neurofeedback-romania.ro\/en\/wp-json\/wp\/v2\/pages\/5087","targetHints":{"allow":["GET"]}}],"collection":[{"href":"https:\/\/neurofeedback-romania.ro\/en\/wp-json\/wp\/v2\/pages"}],"about":[{"href":"https:\/\/neurofeedback-romania.ro\/en\/wp-json\/wp\/v2\/types\/page"}],"author":[{"embeddable":true,"href":"https:\/\/neurofeedback-romania.ro\/en\/wp-json\/wp\/v2\/users\/4"}],"replies":[{"embeddable":true,"href":"https:\/\/neurofeedback-romania.ro\/en\/wp-json\/wp\/v2\/comments?post=5087"}],"version-history":[{"count":2,"href":"https:\/\/neurofeedback-romania.ro\/en\/wp-json\/wp\/v2\/pages\/5087\/revisions"}],"predecessor-version":[{"id":5154,"href":"https:\/\/neurofeedback-romania.ro\/en\/wp-json\/wp\/v2\/pages\/5087\/revisions\/5154"}],"wp:attachment":[{"href":"https:\/\/neurofeedback-romania.ro\/en\/wp-json\/wp\/v2\/media?parent=5087"}],"curies":[{"name":"wp","href":"https:\/\/api.w.org\/{rel}","templated":true}]}}