{"id":5158,"date":"2024-05-07T01:12:11","date_gmt":"2024-05-06T22:12:11","guid":{"rendered":"https:\/\/neurofeedback-romania.ro\/?page_id=5158"},"modified":"2024-08-20T00:48:45","modified_gmt":"2024-08-19T21:48:45","slug":"webinar-pozitii-noi-antrenament-ilf","status":"publish","type":"page","link":"https:\/\/neurofeedback-romania.ro\/en\/webinar-pozitii-noi-antrenament-ilf\/","title":{"rendered":"Webinar Pozi\u021bii Noi \u00een Antrenamentul Neurofeedback ILF"},"content":{"rendered":"<div class=\"wp-block-media-text alignwide is-stacked-on-mobile\"><figure class=\"wp-block-media-text__media\"><img fetchpriority=\"high\" decoding=\"async\" width=\"1080\" height=\"1080\" src=\"https:\/\/neurofeedback-romania.ro\/wp-content\/uploads\/2024\/08\/Webinar-Pozitii-Noi-NEW.png\" alt=\"Traineri Neurofeedback Romania\" class=\"wp-image-5315 size-full\" srcset=\"https:\/\/neurofeedback-romania.ro\/wp-content\/uploads\/2024\/08\/Webinar-Pozitii-Noi-NEW.png 1080w, https:\/\/neurofeedback-romania.ro\/wp-content\/uploads\/2024\/08\/Webinar-Pozitii-Noi-NEW-300x300.png 300w, https:\/\/neurofeedback-romania.ro\/wp-content\/uploads\/2024\/08\/Webinar-Pozitii-Noi-NEW-1024x1024.png 1024w, https:\/\/neurofeedback-romania.ro\/wp-content\/uploads\/2024\/08\/Webinar-Pozitii-Noi-NEW-150x150.png 150w, https:\/\/neurofeedback-romania.ro\/wp-content\/uploads\/2024\/08\/Webinar-Pozitii-Noi-NEW-768x768.png 768w, https:\/\/neurofeedback-romania.ro\/wp-content\/uploads\/2024\/08\/Webinar-Pozitii-Noi-NEW-12x12.png 12w, https:\/\/neurofeedback-romania.ro\/wp-content\/uploads\/2024\/08\/Webinar-Pozitii-Noi-NEW-600x600.png 600w, https:\/\/neurofeedback-romania.ro\/wp-content\/uploads\/2024\/08\/Webinar-Pozitii-Noi-NEW-100x100.png 100w\" sizes=\"(max-width: 1080px) 100vw, 1080px\" \/><\/figure><div class=\"wp-block-media-text__content\">\n<p class=\"has-large-font-size\">Facilitatori: Traineri Neurofeedback Romania<\/p>\n<\/div><\/div>\n\n\n\n<h4 class=\"wp-block-heading\"><strong>Data &#8211; s\u00e2mb\u0103t\u0103, 21 septembrie 2024<\/strong><\/h4>\n\n\n\n<h4 class=\"wp-block-heading\"><strong>Ora &#8211; 14:00<\/strong><\/h4>\n\n\n\n<h4 class=\"wp-block-heading\"><strong>Durata: 1h30m<\/strong><\/h4>\n\n\n\n<h4 class=\"wp-block-heading\"><strong>Pre\u021b: 100 lei + TVA<\/strong><\/h4>\n\n\n\n<h4 class=\"wp-block-heading\"><strong>Webinar-ul se adreseaz\u0103 doar absolven\u021bilor cursului de baz\u0103 \u00een Neurofeedback ILF<\/strong><\/h4>\n\n\n\n<h5 class=\"wp-block-heading\"><strong>Agenda:<\/strong><\/h5>\n\n\n\n<ul class=\"wp-block-list\"><li>Pozi\u021bii noi de antrenament <\/li><li>Aplicabilitatea noilor pozi\u021bii \u00een diverse afec\u021biuni<\/li><li>Q&amp;A<\/li><\/ul>\n\n\n\n<div class=\"wp-block-buttons alignfull is-content-justification-center is-layout-flex wp-container-core-buttons-is-layout-16018d1d wp-block-buttons-is-layout-flex\">\n<div class=\"wp-block-button\"><a class=\"wp-block-button__link\" href=\"https:\/\/form.jotform.com\/Neurofeedback_Romania\/webinar-pozitii-noi-ilf\" target=\"_blank\" rel=\"noreferrer noopener\">\u00censcrie-te la webinar<\/a><\/div>\n<\/div>\n\n\n\n<p>Metoda Neurofeedback ILF este \u00een continu\u0103 dezvoltare. Experien\u021ba clinic\u0103 interna\u021bional\u0103 din ultimii ani a condus la ad\u0103ugarea unor pozi\u021bii noi de antrenament. \u00cen cadrul acestui webinar, echipa Neurofeedback Romania va prezenta \u00een detaliu aceste pozi\u021bii. Webinarul va fi \u00eenregistrat \u0219i va putea fi accesat ulterior, \u00eempreuna cu prezentarea.<\/p>\n\n\n\n<p>Acest webinar se adreseaz\u0103 \u00een exclusivitate doar absolven\u021bilor cursului de baz\u0103 \u00een Neurofeedback ILF. <\/p>\n\n\n\n<p>Echipa Neurofeedback Romania \u00ee\u0219i propune s\u0103 ofere oportunitatea practicienilor Neurofeedback ILF de a \u00eenv\u0103\u021ba continuu despre Neurofeedback \u0219i cum acesta poate fi integrat \u00een propria practic\u0103 pentru a \u00eembun\u0103t\u0103\u021bi rezultatele tratamentelor oferite. <\/p>\n\n\n\n<div class=\"wp-block-buttons alignfull is-content-justification-center is-layout-flex wp-container-core-buttons-is-layout-16018d1d wp-block-buttons-is-layout-flex\">\n<div class=\"wp-block-button\"><a class=\"wp-block-button__link\" href=\"https:\/\/form.jotform.com\/Neurofeedback_Romania\/webinar-pozitii-noi-ilf\" target=\"_blank\" rel=\"noreferrer noopener\">\u00censcrie-te la webinar<\/a><\/div>\n<\/div>\n\n\n\n<h2 class=\"wp-block-heading\">Neurofeedback Romania Trainers<\/h2>\n\n\n\n<h4 class=\"wp-block-heading\">Dr. C\u0103t\u0103lina Ioana Ciubot\u0103rescu<\/h4>\n\n\n\n<p>Dr. C\u0103t\u0103lina Ioana Ciubot\u0103rescu, a psychiatrist with over 10 years of experience, works in both public hospitals and private clinics in Romania. In addition to providing neurofeedback treatments to her patients, Dr. Ciubot\u0103rescu is the only psychiatrist in Romania offering advanced treatments for Alzheimer\u2019s and dementia using the innovative \u201cNeurolinth\u201d technology, with remarkable results. She also has additional training in the microbiome and neuroscience.<\/p>\n\n\n\n<p>Dr. Ciubot\u0103rescu este lector la EEG Info Europe, precum \u0219i la Institutul de Neurofeedback din Rom\u00e2nia.<\/p>\n\n\n\n<h4 class=\"wp-block-heading\">Dr. Roxana Toma<\/h4>\n\n\n\n<p>Dr. Roxana Toma este medic, psihoterapeut \u0219i lector la EEG Info Europe \u0219i Institutul de Neurofeedback din Rom\u00e2nia.<\/p>\n\n\n\n<h4 class=\"wp-block-heading\">Psih. Adina Escu<\/h4>\n\n\n\n<p>Adina Escu este psiholog clinician, psihoterapeut \u0219i terapeut neurofeedback. Este printre primii terapeu\u021bi neurofeedback din Rom\u00e2nia, trainer \u0219i supervizor neurofeedback. \u00cembin\u0103 \u00een practica sa antrenamentul neurofeedback cu celelalte metode terapeutice.<\/p>\n\n\n\n<p>Experien\u021ba profesional\u0103 a dob\u00e2ndit-o \u00een cadrul propriei clinici av\u00e2nd o cazuistic\u0103 foarte variat\u0103. Lucreaz\u0103 cu toate categoriile de v\u00e2rst\u0103 \u0219i cu afec\u021biuni din sferele ADHD, autism, tulbur\u0103ri de dezvoltare, anxietate, depresie, tulbur\u0103ri de somn.<\/p>\n\n\n\n<h4 class=\"wp-block-heading\">Doru Georgescu<\/h4>\n\n\n\n<p>Doru coordinated a public center for individuals with neuropsychological disabilities, and he is currently a partner and part of the management team of a private medical clinic in Bucharest.&nbsp;<\/p>\n\n\n\n<h4 class=\"wp-block-heading\">Neurofeedback Romania<\/h4>\n\n\n\n<p>Neurofeedback Romania este o organiza\u021bie dedicat\u0103 form\u0103rii \u0219i educ\u0103rii profesioni\u0219tilor \u00een domeniul neurofeedback-ului, o tehnic\u0103 avansat\u0103 de antrenament al creierului. Prin cursuri, webinarii \u0219i sesiuni de supervizare, Neurofeedback Rom\u00e2nia ofer\u0103 instruire at\u00e2t la nivel de baz\u0103, c\u00e2t \u0219i avansat, \u00een special \u00een metoda Othmer, una dintre cele mai recunoscute tehnici de neurofeedback la nivel global. Aceast\u0103 organiza\u021bie colaboreaz\u0103 cu lideri interna\u021bionali \u00een domeniu, precum EEG Info \u0219i Bee Medic, pentru a asigura cele mai \u00eenalte standarde de educa\u021bie \u0219i practic\u0103 \u00een neurofeedback. Scopul principal al Neurofeedback Rom\u00e2nia este de a sprijini dezvoltarea personal\u0103 \u0219i profesional\u0103 a speciali\u0219tilor din domeniul s\u0103n\u0103t\u0103\u021bii mentale \u0219i neuro\u0219tiin\u021belor.<\/p>\n\n\n\n<h4 class=\"wp-block-heading\">About Neurofeedback<\/h4>\n\n\n\n<p>Neurofeedbackul a ap\u0103rut ca o metod\u0103 terapeutic\u0103 promi\u021b\u0103toare, \u00eens\u0103 integrarea sa \u00een practica clinic\u0103 necesit\u0103 mai mult dec\u00e2t expertiz\u0103 tehnic\u0103. Aceast\u0103 prezentare interactiv\u0103 exploreaz\u0103 rolul crucial al pasiunii \u0219i scopului \u00een cultivarea unei practici prospere de neurofeedback. Combin\u00e2nd rigurozitatea \u0219tiin\u021bific\u0103 cu o abordare profund empatic\u0103, practicienii pot forma conexiuni semnificative cu clien\u021bii, cultiv\u00e2nd \u00eencrederea \u0219i angajamentul. Prin strategii practice, participan\u021bii vor descoperi cum s\u0103-\u0219i infuzeze practica cu pasiune autentic\u0103, aliniindu-\u0219i munca cu un sens mai profund. Ei vor pleca cu claritate \u0219i perspective ac\u021bionabile c\u0103tre \u00eemplinire profesional\u0103 \u0219i cre\u0219tere durabil\u0103.<\/p>\n\n\n\n<h5 class=\"wp-block-heading\">\u00censcrie-te la Webinar complet\u00e2nd formularul de mai jos<\/h5>\n\n\n\n<script type=\"text\/javascript\" src=\"https:\/\/form.jotform.com\/jsform\/241266597637368\"><\/script>\n\n\n\n<p><\/p>","protected":false},"excerpt":{"rendered":"<p>Facilitatori: Traineri Neurofeedback Romania Data &#8211; s\u00e2mb\u0103t\u0103, 21 septembrie 2024 Ora &#8211; 14:00 Durata: 1h30m Pre\u021b: 100 lei + TVA Webinar-ul se adreseaz\u0103 doar absolven\u021bilor cursului de baz\u0103 \u00een Neurofeedback ILF Agenda: Pozi\u021bii noi de antrenament Aplicabilitatea noilor pozi\u021bii \u00een diverse afec\u021biuni Q&amp;A Metoda Neurofeedback ILF este \u00een continu\u0103 dezvoltare. Experien\u021ba clinic\u0103 interna\u021bional\u0103 din ultimii&#8230;<\/p>","protected":false},"author":4,"featured_media":0,"parent":0,"menu_order":0,"comment_status":"closed","ping_status":"closed","template":"","meta":{"_acf_changed":false,"_kad_post_transparent":"","_kad_post_title":"","_kad_post_layout":"","_kad_post_sidebar_id":"","_kad_post_content_style":"","_kad_post_vertical_padding":"","_kad_post_feature":"","_kad_post_feature_position":"","_kad_post_header":false,"_kad_post_footer":false,"_kad_post_classname":"","footnotes":""},"class_list":["post-5158","page","type-page","status-publish","hentry"],"acf":[],"_links":{"self":[{"href":"https:\/\/neurofeedback-romania.ro\/en\/wp-json\/wp\/v2\/pages\/5158","targetHints":{"allow":["GET"]}}],"collection":[{"href":"https:\/\/neurofeedback-romania.ro\/en\/wp-json\/wp\/v2\/pages"}],"about":[{"href":"https:\/\/neurofeedback-romania.ro\/en\/wp-json\/wp\/v2\/types\/page"}],"author":[{"embeddable":true,"href":"https:\/\/neurofeedback-romania.ro\/en\/wp-json\/wp\/v2\/users\/4"}],"replies":[{"embeddable":true,"href":"https:\/\/neurofeedback-romania.ro\/en\/wp-json\/wp\/v2\/comments?post=5158"}],"version-history":[{"count":2,"href":"https:\/\/neurofeedback-romania.ro\/en\/wp-json\/wp\/v2\/pages\/5158\/revisions"}],"predecessor-version":[{"id":5317,"href":"https:\/\/neurofeedback-romania.ro\/en\/wp-json\/wp\/v2\/pages\/5158\/revisions\/5317"}],"wp:attachment":[{"href":"https:\/\/neurofeedback-romania.ro\/en\/wp-json\/wp\/v2\/media?parent=5158"}],"curies":[{"name":"wp","href":"https:\/\/api.w.org\/{rel}","templated":true}]}}