{"id":5998,"date":"2025-03-18T02:10:25","date_gmt":"2025-03-18T00:10:25","guid":{"rendered":"https:\/\/neurofeedback-romania.ro\/?page_id=5998"},"modified":"2025-03-19T14:28:48","modified_gmt":"2025-03-19T12:28:48","slug":"webinar-efecte-neurofeedback-tsa","status":"publish","type":"page","link":"https:\/\/neurofeedback-romania.ro\/en\/webinar-efecte-neurofeedback-tsa\/","title":{"rendered":"Webinar &#8211; Efectele Neurofeedback-ului ILF \u00een Spectrul Autist\ufffc"},"content":{"rendered":"<div class=\"wp-block-media-text alignwide is-stacked-on-mobile\"><figure class=\"wp-block-media-text__media\"><img fetchpriority=\"high\" decoding=\"async\" width=\"1024\" height=\"536\" src=\"https:\/\/neurofeedback-romania.ro\/wp-content\/uploads\/2025\/03\/Webinar-Adina-Escu_martie-2025-1024x536.png\" alt=\"Webinar: Efectele Neurofeedback-ului \u00een Spectrul Autist | 21 martie 2025 | Psih. Adina Escu &amp; Florentina Alden\" class=\"wp-image-5999 size-full\" srcset=\"https:\/\/neurofeedback-romania.ro\/wp-content\/uploads\/2025\/03\/Webinar-Adina-Escu_martie-2025-1024x536.png 1024w, https:\/\/neurofeedback-romania.ro\/wp-content\/uploads\/2025\/03\/Webinar-Adina-Escu_martie-2025-300x157.png 300w, https:\/\/neurofeedback-romania.ro\/wp-content\/uploads\/2025\/03\/Webinar-Adina-Escu_martie-2025-768x402.png 768w, https:\/\/neurofeedback-romania.ro\/wp-content\/uploads\/2025\/03\/Webinar-Adina-Escu_martie-2025-18x9.png 18w, https:\/\/neurofeedback-romania.ro\/wp-content\/uploads\/2025\/03\/Webinar-Adina-Escu_martie-2025-600x314.png 600w, https:\/\/neurofeedback-romania.ro\/wp-content\/uploads\/2025\/03\/Webinar-Adina-Escu_martie-2025.png 1200w\" sizes=\"(max-width: 1024px) 100vw, 1024px\" \/><\/figure><div class=\"wp-block-media-text__content\">\n<p class=\"has-large-font-size\">Facilitatori: Psih. Adina Escu \u0219i Florentina Alden<\/p>\n<\/div><\/div>\n\n\n\n<h4 class=\"wp-block-heading\"><strong>Data &#8211; vineri, 21 martie 2025<\/strong><\/h4>\n\n\n\n<h4 class=\"wp-block-heading\"><strong>Ora &#8211; 19:00<\/strong><\/h4>\n\n\n\n<h4 class=\"wp-block-heading\"><strong>Durata: 1h<\/strong><\/h4>\n\n\n\n<h4 class=\"wp-block-heading\"><strong>Acces gratuit<\/strong><\/h4>\n\n\n\n<h4 class=\"wp-block-heading\"><strong>Webinarul este dedicat profesioni\u0219tilor din domeniul medical \u0219i al s\u0103n\u0103t\u0103\u021bii mintale care doresc s\u0103 integreze Neurofeedback-ul \u00een practica lor sau s\u0103 \u00ee\u0219i deschid\u0103 propriul cabinet de Neurofeedback.<\/strong><\/h4>\n\n\n\n<div class=\"wp-block-buttons is-layout-flex wp-block-buttons-is-layout-flex\">\n<div class=\"wp-block-button aligncenter\"><a class=\"wp-block-button__link\" href=\"https:\/\/form.jotform.com\/Neurofeedback_Romania\/webinar-neurofeedback-romania\" target=\"_blank\" rel=\"noopener\">\u00ce<strong>nscrie-te gratuit AICI<\/strong><\/a><\/div>\n<\/div>\n\n\n\n<p>Neurofeedback-ul ILF devine o metod\u0103 tot mai utilizat\u0103 \u00een interven\u021biile pentru persoanele din spectrul autist. Dar <strong>cum func\u021bioneaz\u0103?<\/strong> Ce schimb\u0103ri produce la nivel neurologic \u0219i comportamental? Acest webinar \u00ee\u021bi ofer\u0103 <strong>r\u0103spunsuri bazate pe \u0219tiin\u021b\u0103 \u0219i studii de caz concrete<\/strong>. <\/p>\n\n\n\n<p><strong><strong>\u00cen cadrul<\/strong><\/strong> <strong>acestui webinar vei descoperi:<\/strong><br>\u2714 <strong>Cum func\u021bioneaz\u0103 Neurofeedback-ul ILF<\/strong> \u0219i ce \u00eel face eficient \u00een TSA.<br>\u2714 <strong>Studiu de caz:<\/strong> Evolu\u021bia unui copil diagnosticat cu TSA \u00een urma \u0219edin\u021belor de Neurofeedback.<br>\u2714 <strong>Studiu de caz:<\/strong> Experien\u021ba unui adolescent cu Asperger \u0219i impactul Neurofeedback-ului.<br>\u2714 <strong>Sesiune interactiv\u0103 de \u00eentreb\u0103ri \u0219i r\u0103spunsuri<\/strong> \u2013 r\u0103spundem tuturor curiozit\u0103\u021bilor tale!<\/p>\n\n\n\n<p>Webinarul va fi sus\u021binut de&nbsp;<strong>Psih. Adina Escu<\/strong>, psihoterapeut &amp; psiholog clinician \u0219i senior trainer \u00een cadrul Neurofeedback Romania \u0219i&nbsp;<strong>Florentina Alden<\/strong>, fondator Neurofeedback Rom\u00e2nia.<\/p>\n\n\n\n<p><strong>\u00censcrie-te acum!<\/strong> Complet\u00e2nd formularul de mai jos, vei primi acces la acest eveniment \u0219i vei \u00een\u021belege cum Neurofeedback-ul poate deveni o metod\u0103 complementar\u0103 \u00een terapia persoanelor din spectrul autist.<\/p>\n\n\n\n<script type=\"text\/javascript\" src=\"https:\/\/form.jotform.com\/jsform\/241266597637368\"><\/script>","protected":false},"excerpt":{"rendered":"<p>Facilitatori: Psih. Adina Escu \u0219i Florentina Alden Data &#8211; vineri, 21 martie 2025 Ora &#8211; 19:00 Durata: 1h Acces gratuit Webinarul este dedicat profesioni\u0219tilor din domeniul medical \u0219i al s\u0103n\u0103t\u0103\u021bii mintale care doresc s\u0103 integreze Neurofeedback-ul \u00een practica lor sau s\u0103 \u00ee\u0219i deschid\u0103 propriul cabinet de Neurofeedback. Neurofeedback-ul ILF devine o metod\u0103 tot mai utilizat\u0103&#8230;<\/p>","protected":false},"author":4,"featured_media":5999,"parent":0,"menu_order":0,"comment_status":"closed","ping_status":"closed","template":"","meta":{"_acf_changed":false,"_kad_post_transparent":"","_kad_post_title":"","_kad_post_layout":"","_kad_post_sidebar_id":"","_kad_post_content_style":"","_kad_post_vertical_padding":"","_kad_post_feature":"","_kad_post_feature_position":"","_kad_post_header":false,"_kad_post_footer":false,"_kad_post_classname":"","footnotes":""},"class_list":["post-5998","page","type-page","status-publish","has-post-thumbnail","hentry"],"acf":[],"_links":{"self":[{"href":"https:\/\/neurofeedback-romania.ro\/en\/wp-json\/wp\/v2\/pages\/5998","targetHints":{"allow":["GET"]}}],"collection":[{"href":"https:\/\/neurofeedback-romania.ro\/en\/wp-json\/wp\/v2\/pages"}],"about":[{"href":"https:\/\/neurofeedback-romania.ro\/en\/wp-json\/wp\/v2\/types\/page"}],"author":[{"embeddable":true,"href":"https:\/\/neurofeedback-romania.ro\/en\/wp-json\/wp\/v2\/users\/4"}],"replies":[{"embeddable":true,"href":"https:\/\/neurofeedback-romania.ro\/en\/wp-json\/wp\/v2\/comments?post=5998"}],"version-history":[{"count":2,"href":"https:\/\/neurofeedback-romania.ro\/en\/wp-json\/wp\/v2\/pages\/5998\/revisions"}],"predecessor-version":[{"id":6014,"href":"https:\/\/neurofeedback-romania.ro\/en\/wp-json\/wp\/v2\/pages\/5998\/revisions\/6014"}],"wp:featuredmedia":[{"embeddable":true,"href":"https:\/\/neurofeedback-romania.ro\/en\/wp-json\/wp\/v2\/media\/5999"}],"wp:attachment":[{"href":"https:\/\/neurofeedback-romania.ro\/en\/wp-json\/wp\/v2\/media?parent=5998"}],"curies":[{"name":"wp","href":"https:\/\/api.w.org\/{rel}","templated":true}]}}