{"id":3266,"date":"2022-05-02T10:26:43","date_gmt":"2022-05-02T07:26:43","guid":{"rendered":"https:\/\/neurofeedback-romania.ro\/?post_type=product&#038;p=3266"},"modified":"2024-10-13T19:39:27","modified_gmt":"2024-10-13T16:39:27","slug":"webinar-pozitii-neurofeedback-ilf","status":"publish","type":"product","link":"https:\/\/neurofeedback-romania.ro\/en\/product\/webinar-pozitii-neurofeedback-ilf\/","title":{"rendered":"Webinar &#8211; Pozi\u021bii Adi\u021bionale de Antrenament Neurofeedback ILF"},"content":{"rendered":"<p class=\"p1\"><i>Antrenamentul neurofeedback ILF permite vizarea unor circuite specifice din creier responsabile pentru simptomatologia individual\u0103. Pe l\u00e2ng\u0103 pozi\u021biile de baz\u0103 discutate la cursul introductiv \u0219i folosite \u00een majoritatea situa\u021biilor clinice \u00eent\u00e2lnite \u00een practic\u0103, uneori, abordarea simptomatologiei mai complexe necesit\u0103 aplicarea pozi\u021biilor adi\u021bionale pentru un r\u0103spuns mai specific \u0219i mai \u021bintit. \u00cen acest webinar vom discuta despre aceste pozi\u021bii adi\u021bionale \u0219i despre integrarea lor \u00een protocoalele de antrenament \u00een situa\u021biile \u00een care uneltele de baz\u0103 nu sunt suficiente pentru a ob\u021bine cele mai bune rezultate. <\/i><\/p>","protected":false},"excerpt":{"rendered":"<p><strong><a href=\"https:\/\/neurofeedback-romania.ro\/en\/despre-noi\/\" target=\"_blank\" rel=\"noopener\">Facilitator: Dr. Roxana Sasu<\/a><\/strong><\/p>\n<p><strong>Durat\u0103:<\/strong> 1h15m<\/p>\n<p>Link-ul c\u0103tre webinar-ul \u00eenregistrat se prime\u0219te pe email dup\u0103 confirmarea pl\u0103\u021bii.<\/p>","protected":false},"featured_media":5505,"template":"","meta":{"_acf_changed":false,"_kad_post_transparent":"default","_kad_post_title":"","_kad_post_layout":"default","_kad_post_sidebar_id":"","_kad_post_content_style":"default","_kad_post_vertical_padding":"default","_kad_post_feature":"","_kad_post_feature_position":"","_kad_post_header":false,"_kad_post_footer":false,"_kad_post_classname":""},"product_brand":[],"product_cat":[26],"product_tag":[28],"class_list":{"0":"post-3266","1":"product","2":"type-product","3":"status-publish","4":"has-post-thumbnail","6":"product_cat-webinarii-neurofeedback","7":"product_tag-webinar-viitor","9":"first","10":"instock","11":"virtual","12":"purchasable","13":"product-type-simple","14":"entry","15":"content-bg","16":"loop-entry"},"acf":[],"_links":{"self":[{"href":"https:\/\/neurofeedback-romania.ro\/en\/wp-json\/wp\/v2\/product\/3266","targetHints":{"allow":["GET"]}}],"collection":[{"href":"https:\/\/neurofeedback-romania.ro\/en\/wp-json\/wp\/v2\/product"}],"about":[{"href":"https:\/\/neurofeedback-romania.ro\/en\/wp-json\/wp\/v2\/types\/product"}],"wp:featuredmedia":[{"embeddable":true,"href":"https:\/\/neurofeedback-romania.ro\/en\/wp-json\/wp\/v2\/media\/5505"}],"wp:attachment":[{"href":"https:\/\/neurofeedback-romania.ro\/en\/wp-json\/wp\/v2\/media?parent=3266"}],"wp:term":[{"taxonomy":"product_brand","embeddable":true,"href":"https:\/\/neurofeedback-romania.ro\/en\/wp-json\/wp\/v2\/product_brand?post=3266"},{"taxonomy":"product_cat","embeddable":true,"href":"https:\/\/neurofeedback-romania.ro\/en\/wp-json\/wp\/v2\/product_cat?post=3266"},{"taxonomy":"product_tag","embeddable":true,"href":"https:\/\/neurofeedback-romania.ro\/en\/wp-json\/wp\/v2\/product_tag?post=3266"}],"curies":[{"name":"wp","href":"https:\/\/api.w.org\/{rel}","templated":true}]}}