{"id":3506,"date":"2023-03-25T16:47:27","date_gmt":"2023-03-25T14:47:27","guid":{"rendered":"https:\/\/neurofeedback-romania.ro\/?post_type=product&#038;p=3506"},"modified":"2024-10-13T19:36:47","modified_gmt":"2024-10-13T16:36:47","slug":"webinar-autism","status":"publish","type":"product","link":"https:\/\/neurofeedback-romania.ro\/en\/product\/webinar-autism\/","title":{"rendered":"Webinar &#8211; Neurofeedback ILF \u00een Tulbur\u0103ri de Spectru Autist"},"content":{"rendered":"<p class=\"p1\">Spectrul autist cuprinde o mare varietate de prezent\u0103ri clinice foarte diferite, pe care le putem aborda cu protocoale specializate de antrenament Neurofeedback, ce cuprind combina\u021bii de pozi\u021bii de baz\u0103 \u0219i pozi\u021bii specifice. \u00cen acest webinar discut\u0103m aspectele particulare ale antrenamentului axat pe simptomatologia specific\u0103 pacien\u021bilor din spectrul autist, inclusiv ajust\u0103rile necesare pentru ob\u021binerea rezultatelor clinice optime.<\/p>","protected":false},"excerpt":{"rendered":"<p><strong><a href=\"https:\/\/neurofeedback-romania.ro\/en\/despre-noi\/\" target=\"_blank\" rel=\"noopener\">Facilitator: Dr. Roxana Sasu<\/a><\/strong><\/p>\n<p><strong>Durat\u0103:<\/strong> 1h15m<\/p>\n<p>Link-ul c\u0103tre webinar-ul \u00eenregistrat se prime\u0219te pe email dup\u0103 confirmarea pl\u0103\u021bii.<\/p>","protected":false},"featured_media":5503,"template":"","meta":{"_acf_changed":false,"_kad_post_transparent":"default","_kad_post_title":"","_kad_post_layout":"default","_kad_post_sidebar_id":"","_kad_post_content_style":"default","_kad_post_vertical_padding":"default","_kad_post_feature":"","_kad_post_feature_position":"","_kad_post_header":false,"_kad_post_footer":false,"_kad_post_classname":""},"product_brand":[],"product_cat":[26],"product_tag":[28],"class_list":{"0":"post-3506","1":"product","2":"type-product","3":"status-publish","4":"has-post-thumbnail","6":"product_cat-webinarii-neurofeedback","7":"product_tag-webinar-viitor","9":"first","10":"instock","11":"virtual","12":"purchasable","13":"product-type-simple","14":"entry","15":"content-bg","16":"loop-entry"},"acf":[],"_links":{"self":[{"href":"https:\/\/neurofeedback-romania.ro\/en\/wp-json\/wp\/v2\/product\/3506","targetHints":{"allow":["GET"]}}],"collection":[{"href":"https:\/\/neurofeedback-romania.ro\/en\/wp-json\/wp\/v2\/product"}],"about":[{"href":"https:\/\/neurofeedback-romania.ro\/en\/wp-json\/wp\/v2\/types\/product"}],"wp:featuredmedia":[{"embeddable":true,"href":"https:\/\/neurofeedback-romania.ro\/en\/wp-json\/wp\/v2\/media\/5503"}],"wp:attachment":[{"href":"https:\/\/neurofeedback-romania.ro\/en\/wp-json\/wp\/v2\/media?parent=3506"}],"wp:term":[{"taxonomy":"product_brand","embeddable":true,"href":"https:\/\/neurofeedback-romania.ro\/en\/wp-json\/wp\/v2\/product_brand?post=3506"},{"taxonomy":"product_cat","embeddable":true,"href":"https:\/\/neurofeedback-romania.ro\/en\/wp-json\/wp\/v2\/product_cat?post=3506"},{"taxonomy":"product_tag","embeddable":true,"href":"https:\/\/neurofeedback-romania.ro\/en\/wp-json\/wp\/v2\/product_tag?post=3506"}],"curies":[{"name":"wp","href":"https:\/\/api.w.org\/{rel}","templated":true}]}}