{"id":3698,"date":"2023-07-04T01:56:11","date_gmt":"2023-07-03T22:56:11","guid":{"rendered":"https:\/\/neurofeedback-romania.ro\/?post_type=product&#038;p=3698"},"modified":"2026-04-21T13:38:39","modified_gmt":"2026-04-21T10:38:39","slug":"curs-de-baza-neurofeedback-ilf","status":"publish","type":"product","link":"https:\/\/neurofeedback-romania.ro\/en\/product\/curs-de-baza-neurofeedback-ilf\/","title":{"rendered":"Curs de baz\u0103 Neurofeedback ILF Septembrie 2026"},"content":{"rendered":"<p>Curs de baz\u0103 Neurofeedback ILF Septembrie 2026<\/p>\n<div class=\"elementor-element elementor-element-7449695b elementor-widget elementor-widget-heading\" data-id=\"7449695b\" data-element_type=\"widget\" data-e-type=\"widget\" data-widget_type=\"heading.default\">\n<div class=\"elementor-widget-container\">\n<h2 class=\"elementor-heading-title elementor-size-default\">Get your ILF Neurofeedback Practitioner Diploma!<\/h2>\n<\/div>\n<\/div>\n<div class=\"elementor-element elementor-element-64f5c752 elementor-widget-divider--view-line elementor-widget elementor-widget-divider\" data-id=\"64f5c752\" data-element_type=\"widget\" data-e-type=\"widget\" data-widget_type=\"divider.default\">\n<div class=\"elementor-widget-container\">\n<div class=\"elementor-divider\"><\/div>\n<\/div>\n<\/div>\n<div class=\"elementor-element elementor-element-7a1c8835 elementor-widget__width-initial elementor-widget elementor-widget-text-editor\" data-id=\"7a1c8835\" data-element_type=\"widget\" data-e-type=\"widget\" data-widget_type=\"text-editor.default\">\n<div class=\"elementor-widget-container\">\n<p data-start=\"283\" data-end=\"666\"><strong>Suntem\u00a0singurul\u00a0centru de formare \u00een Neurofeedback ILF din Rom\u00e2nia, prima organiza\u021bie care a adus Neurofeedback-ul modern \u00een Rom\u00e2nia \u0219i singura care, \u00eencep\u00e2nd din 2019, ofer\u0103 formare profesional\u0103 la cele mai \u00eenalte standarde interna\u021bionale.<\/strong><\/p>\n<p>Peste\u00a0<strong data-start=\"613\" data-end=\"635\">400 de speciali\u0219ti<\/strong>\u00a0\u2013 psihologi, psihoterapeu\u021bi, medici \u0219i al\u021bi profesioni\u0219ti din domeniul s\u0103n\u0103t\u0103\u021bii \u2013 s-au format al\u0103turi de noi, descoperind o metod\u0103 de interven\u021bie profund\u0103 \u0219i eficient\u0103.<br data-start=\"813\" data-end=\"816\" \/>\u00cen ace\u0219ti ani, am organizat\u00a0<b>28 de cursuri<\/b>\u00a0<b>(de baz\u0103, Brain Mapping\/qEEG, cursuri avansate ILF, Synchrony &amp; Alpha Theta)<\/b>\u00a0precum \u0219i\u00a0<b>17 webinarii<\/b>\u00a0tematice pentru preg\u0103tirea continu\u0103 a speciali\u0219tilor \u00een metoda ILF, construind o comunitate activ\u0103 \u0219i profesionist\u0103 de practicieni dedica\u021bi Neurofeedback-ului ILF la nivel na\u021bional.<\/p>\n<p data-start=\"668\" data-end=\"1138\"><strong data-start=\"668\" data-end=\"756\">Organiz\u0103m cursuri \u00een format interna\u021bional, identice cu cele livrate \u00een\u00a0<a href=\"https:\/\/beemedic.com\/en\/courses?f%5B0%5D=continent%3Aeurope\" target=\"_blank\" rel=\"noopener\">SUA \u0219i Europa<\/a><\/strong>, dar predate \u00een limba rom\u00e2n\u0103 \u0219i adaptate pentru speciali\u0219tii din Rom\u00e2nia, cu traineri din domeniul medical \u0219i mediul academic, preg\u0103ti\u021bi la nivel interna\u021bional.<\/p>\n<p data-start=\"668\" data-end=\"1138\">ILF Neurofeedback is the most advanced method of training the brain for self-regulation, developed over the past 30 years by renowned experts from the United States. You can find more information about the ILF method <a href=\"https:\/\/neurofeedback-romania.ro\/en\/neurofeedback-infra-low-frequency-ilf\/\" target=\"_new\" rel=\"noopener\">here<\/a>.\u00a0<a href=\"https:\/\/neurofeedback-romania.ro\/en\/neurofeedback-infra-low-frequency-ilf\/\" target=\"_new\" rel=\"noopener\" data-start=\"1058\" data-end=\"1137\">aici<\/a>.<\/p>\n<p data-start=\"1140\" data-end=\"1437\"><strong>Ne diferen\u021biem prin calitatea form\u0103rii:<\/strong>\u00a0<strong>cursurile noastre sunt organizate \u00een grupe mici, cu num\u0103r limitat de participan\u021bi<\/strong>, astfel \u00eenc\u00e2t fiecare cursant s\u0103 beneficieze de aten\u021bie individual\u0103 \u0219i timp generos pentru practic\u0103. \u00cen cadrul modulului practic, fiecare participant lucreaz\u0103 direct cu echipamente de ultim\u0103 genera\u021bie aduse special din Germania.<\/p>\n<p data-start=\"1439\" data-end=\"1663\">Echipamentele utilizate sunt furnizate de\u00a0<strong data-start=\"1481\" data-end=\"1493\">BEE Medic<\/strong>, lider mondial \u00een dezvoltarea sistemelor de Neurofeedback folosite \u00een spitale, clinici \u0219i institu\u021bii de cercetare de top din \u00eentreaga lume, inclusiv \u00een Rom\u00e2nia.<\/p>\n<p data-start=\"738\" data-end=\"1185\">Cursul se adreseaz\u0103 profesioni\u0219tilor din domeniul medical \u0219i al s\u0103n\u0103t\u0103\u021bii mintale:\u00a0<strong data-start=\"821\" data-end=\"933\">psihologi, psihoterapeu\u021bi, medici, asisten\u021bi medicali, logopezi, fizioterapeu\u021bi, kinetoterapeu\u021bi, farmaci\u0219ti<\/strong>\u00a0\u0219i\u00a0<strong data-start=\"937\" data-end=\"958\">asisten\u021bi sociali<\/strong>\u00a0cu preg\u0103tire \u00een psihoterapie. Dac\u0103 profesezi \u00eentr-un alt domeniu \u0219i dore\u0219ti s\u0103 afli dac\u0103 aceast\u0103 formare \u021bi se potrive\u0219te, te rug\u0103m s\u0103 ne contactezi la\u00a0<a rel=\"noopener\" data-start=\"1111\" data-end=\"1184\">office@neurofeedback-romania.ro<\/a>.<\/p>\n<p data-start=\"1187\" data-end=\"1398\">\u00cen plus, fiecare participant are\u00a0<strong data-start=\"1220\" data-end=\"1269\">acces direct la resurse profesionale dedicate<\/strong>\u00a0\u0219i devine parte dintr-o\u00a0<strong data-start=\"1294\" data-end=\"1347\">comunitate activ\u0103 de practicieni \u00een Neurofeedback<\/strong>, construit\u0103 \u0219i sus\u021binut\u0103 de Neurofeedback Rom\u00e2nia.<\/p>\n<p data-start=\"1400\" data-end=\"1618\" class=\"translation-block\">If you want to learn more about how Neurofeedback works and why it is considered an innovative method for supporting mental health, you can read more <a href=\"https:\/\/neurofeedback-romania.ro\/en\/ce-este-neurofeedback-ul\/\" target=\"_blank\" rel=\"noopener\"><b>here<\/b><\/a>.<\/p>\n<\/div>\n<\/div>","protected":false},"excerpt":{"rendered":"<h1 style=\"text-align: center;\"><b>Felicit\u0103ri! <\/b><\/h1>\n<p style=\"text-align: center;\"><b>Formularul de \u00eenscriere la cursul de baz\u0103 Neurofeedback ILF a fost trimis cu succes!\u00a0<\/b><\/p>\n<p style=\"text-align: center;\"><strong>Pentru finalizarea \u00eenscrierii, v\u0103 rug\u0103m s\u0103 efectua\u021bi plata avansului sau plata integral\u0103 mai jos.<\/strong><\/p>\n<div class=\"elementor-element elementor-element-7449695b elementor-widget elementor-widget-heading\" data-id=\"7449695b\" data-element_type=\"widget\" data-widget_type=\"heading.default\">\n<div class=\"elementor-widget-container\">\n<p class=\"elementor-heading-title elementor-size-default\" style=\"text-align: center;\"><strong>Get your ILF Neurofeedback Practitioner Diploma!<\/strong><\/p>\n<\/div>\n<\/div>\n<div class=\"elementor-widget-container\">\n<div class=\"elementor-divider\"><\/div>\n<\/div>\n<div class=\"elementor-element elementor-element-7a1c8835 elementor-widget__width-initial elementor-widget elementor-widget-text-editor\" data-id=\"7a1c8835\" data-element_type=\"widget\" data-widget_type=\"text-editor.default\">\n<div class=\"elementor-widget-container\">\n<p class=\"\" style=\"text-align: center;\" data-start=\"283\" data-end=\"666\">Suntem primul centru de formare \u00een Neurofeedback ILF din Rom\u00e2nia, prima organiza\u021bie care a adus Neurofeedback-ul modern \u00een Rom\u00e2nia \u0219i singura care, \u00eencep\u00e2nd din 2019, ofer\u0103 formare profesional\u0103 la cele mai \u00eenalte standarde interna\u021bionale.<\/p>\n<p style=\"text-align: center;\">Peste\u00a0<strong data-start=\"613\" data-end=\"635\">400 de speciali\u0219ti<\/strong>\u00a0\u2013 psihologi, psihoterapeu\u021bi, medici \u0219i al\u021bi profesioni\u0219ti din domeniul s\u0103n\u0103t\u0103\u021bii \u2013 s-au format al\u0103turi de noi, descoperind o metod\u0103 de interven\u021bie profund\u0103 \u0219i eficient\u0103.<\/p>\n<p>&nbsp;<\/p>\n<\/div>\n<\/div>\n<p style=\"text-align: center;\"><strong>Alege\u021bi <em>Avans<\/em> dac\u0103 dori\u021bi s\u0103 achita\u021bi avansul \u0219i s\u0103 v\u0103 rezerva\u021bi locul la curs.<\/strong><\/p>\n<p style=\"text-align: center;\"><strong>Alege\u021bi <em>Sum\u0103 \u00eentreag\u0103<\/em> dac\u0103 dori\u021bi s\u0103 achita\u021bi integral \u0219i s\u0103 v\u0103 garanta\u021bi locul la curs.<\/strong><\/p>","protected":false},"featured_media":7865,"template":"","meta":{"_acf_changed":false,"_kad_post_transparent":"default","_kad_post_title":"","_kad_post_layout":"default","_kad_post_sidebar_id":"","_kad_post_content_style":"default","_kad_post_vertical_padding":"default","_kad_post_feature":"","_kad_post_feature_position":"","_kad_post_header":false,"_kad_post_footer":false,"_kad_post_classname":""},"product_brand":[],"product_cat":[20,86],"product_tag":[245,244,246,79,82],"class_list":{"0":"post-3698","1":"product","2":"type-product","3":"status-publish","4":"has-post-thumbnail","6":"product_cat-cursuri","7":"product_cat-plata","8":"product_tag-245","9":"product_tag-curs","10":"product_tag-curs-de-baza","11":"product_tag-curs-neurofeedback","12":"product_tag-neurofeedback-ilf","14":"first","15":"instock","16":"sale","17":"shipping-taxable","18":"purchasable","19":"product-type-variable","20":"has-default-attributes","21":"entry","22":"content-bg","23":"loop-entry"},"acf":[],"_links":{"self":[{"href":"https:\/\/neurofeedback-romania.ro\/en\/wp-json\/wp\/v2\/product\/3698","targetHints":{"allow":["GET"]}}],"collection":[{"href":"https:\/\/neurofeedback-romania.ro\/en\/wp-json\/wp\/v2\/product"}],"about":[{"href":"https:\/\/neurofeedback-romania.ro\/en\/wp-json\/wp\/v2\/types\/product"}],"wp:featuredmedia":[{"embeddable":true,"href":"https:\/\/neurofeedback-romania.ro\/en\/wp-json\/wp\/v2\/media\/7865"}],"wp:attachment":[{"href":"https:\/\/neurofeedback-romania.ro\/en\/wp-json\/wp\/v2\/media?parent=3698"}],"wp:term":[{"taxonomy":"product_brand","embeddable":true,"href":"https:\/\/neurofeedback-romania.ro\/en\/wp-json\/wp\/v2\/product_brand?post=3698"},{"taxonomy":"product_cat","embeddable":true,"href":"https:\/\/neurofeedback-romania.ro\/en\/wp-json\/wp\/v2\/product_cat?post=3698"},{"taxonomy":"product_tag","embeddable":true,"href":"https:\/\/neurofeedback-romania.ro\/en\/wp-json\/wp\/v2\/product_tag?post=3698"}],"curies":[{"name":"wp","href":"https:\/\/api.w.org\/{rel}","templated":true}]}}