{"id":3860,"date":"2023-08-12T22:39:35","date_gmt":"2023-08-12T19:39:35","guid":{"rendered":"https:\/\/neurofeedback-romania.ro\/?post_type=product&#038;p=3860"},"modified":"2025-10-11T22:08:30","modified_gmt":"2025-10-11T19:08:30","slug":"curs-avansat-synchrony-alpha-theta","status":"publish","type":"product","link":"https:\/\/neurofeedback-romania.ro\/en\/product\/curs-avansat-synchrony-alpha-theta\/","title":{"rendered":"Curs avansat Neurofeedback ILF &#8211; Synchrony &#038; Alpha Theta"},"content":{"rendered":"","protected":false},"excerpt":{"rendered":"<p style=\"text-align: left;\"><strong>Pre\u021bul con\u021bine TVA 21%.<\/strong><\/p>\n<p style=\"text-align: left;\"><strong>Pentru finalizarea \u00eenscrierii, v\u0103 rug\u0103m s\u0103 efectua\u021bi plata integral\u0103 a celor dou\u0103 module mai jos.<\/strong><\/p>\n<p style=\"text-align: left;\">Cursul avansat de Neurofeedback ILF Synchrony &amp; Alpha Theta con\u021bine dou\u0103 module, Synchrony \u0219i Alpha-Theta, \u0219i se va desf\u0103\u0219ura online pe parcursul a dou\u0103 zile\/modul. Cursul este oferit integral \u00een limba rom\u00e2n\u0103 prin Neurofeedback Rom\u00e2nia, partener oficial al EEG Info \u0219i Bee Medic \u00een Rom\u00e2nia.<\/p>\n<p style=\"text-align: left;\"><strong>Este obligatoriu ca \u00eenainte de \u00eenscrierea la acest curs s\u0103 de\u021bine\u021bi un certificat de absolvire a cursului de baz\u0103 \u00een Neurofeedback ILF.<\/strong><\/p>\n<p style=\"text-align: left;\"><em><strong>Toate sesiunile vor fi \u00eenregistrate.<\/strong><\/em><\/p>","protected":false},"featured_media":7401,"template":"","meta":{"_acf_changed":false,"_kad_post_transparent":"default","_kad_post_title":"","_kad_post_layout":"default","_kad_post_sidebar_id":"","_kad_post_content_style":"default","_kad_post_vertical_padding":"default","_kad_post_feature":"","_kad_post_feature_position":"","_kad_post_header":false,"_kad_post_footer":false,"_kad_post_classname":""},"product_brand":[],"product_cat":[86,20],"product_tag":[],"class_list":{"0":"post-3860","1":"product","2":"type-product","3":"status-publish","4":"has-post-thumbnail","6":"product_cat-plata","7":"product_cat-cursuri","9":"first","10":"instock","11":"shipping-taxable","12":"purchasable","13":"product-type-variable","14":"has-default-attributes","15":"entry","16":"content-bg","17":"loop-entry"},"acf":[],"_links":{"self":[{"href":"https:\/\/neurofeedback-romania.ro\/en\/wp-json\/wp\/v2\/product\/3860","targetHints":{"allow":["GET"]}}],"collection":[{"href":"https:\/\/neurofeedback-romania.ro\/en\/wp-json\/wp\/v2\/product"}],"about":[{"href":"https:\/\/neurofeedback-romania.ro\/en\/wp-json\/wp\/v2\/types\/product"}],"wp:featuredmedia":[{"embeddable":true,"href":"https:\/\/neurofeedback-romania.ro\/en\/wp-json\/wp\/v2\/media\/7401"}],"wp:attachment":[{"href":"https:\/\/neurofeedback-romania.ro\/en\/wp-json\/wp\/v2\/media?parent=3860"}],"wp:term":[{"taxonomy":"product_brand","embeddable":true,"href":"https:\/\/neurofeedback-romania.ro\/en\/wp-json\/wp\/v2\/product_brand?post=3860"},{"taxonomy":"product_cat","embeddable":true,"href":"https:\/\/neurofeedback-romania.ro\/en\/wp-json\/wp\/v2\/product_cat?post=3860"},{"taxonomy":"product_tag","embeddable":true,"href":"https:\/\/neurofeedback-romania.ro\/en\/wp-json\/wp\/v2\/product_tag?post=3860"}],"curies":[{"name":"wp","href":"https:\/\/api.w.org\/{rel}","templated":true}]}}