{"id":4231,"date":"2023-11-04T23:35:52","date_gmt":"2023-11-04T21:35:52","guid":{"rendered":"https:\/\/neurofeedback-romania.ro\/?post_type=product&#038;p=4231"},"modified":"2025-03-20T16:49:27","modified_gmt":"2025-03-20T14:49:27","slug":"program-certificare-neurofeedback-romania","status":"publish","type":"product","link":"https:\/\/neurofeedback-romania.ro\/en\/product\/program-certificare-neurofeedback-romania\/","title":{"rendered":"Program de Certificare Neurofeedback Romania"},"content":{"rendered":"","protected":false},"excerpt":{"rendered":"<h1 style=\"text-align: center;\"><b>E\u0219ti cu un pas mai aproape de a ob\u021bine certificarea \u00een Neurofeedback ILF!<\/b><\/h1>\n<p style=\"text-align: center;\"><strong>Pentru finalizarea \u00eenscrierii, te rug\u0103m s\u0103 efectuezi plata avansului sau plata integral\u0103 mai jos.<\/strong><\/p>\n<p style=\"text-align: center;\">Acest program special de certificare este dedicat celor care \u00ee\u0219i doresc s\u0103 practice neurofeedback-ul modern \u0219i eficient la cele mai \u00eenalte standarde. Programul \u00ee\u021bi va permite s\u0103 te implici sistematic \u00een Neurofeedback ILF \u0219i s\u0103 integrezi aceast\u0103 metod\u0103 \u00een practica ta zilnic\u0103. Totodat\u0103, experien\u021ba ne arat\u0103 c\u0103 aceast\u0103 certificare te va ajuta \u00een succesul t\u0103u clinic \u0219i economic.<\/p>\n<p style=\"text-align: center;\"><strong>Alege\u021bi <em>Avans<\/em> dac\u0103 dori\u021bi s\u0103 achita\u021bi avansul.<\/strong><\/p>\n<p style=\"text-align: center;\"><strong>Alege\u021bi <em>Sum\u0103 \u00eentreag\u0103<\/em> dac\u0103 dori\u021bi s\u0103 achita\u021bi integral.<\/strong><\/p>","protected":false},"featured_media":4234,"template":"","meta":{"_acf_changed":false,"_kad_post_transparent":"default","_kad_post_title":"","_kad_post_layout":"default","_kad_post_sidebar_id":"","_kad_post_content_style":"default","_kad_post_vertical_padding":"default","_kad_post_feature":"","_kad_post_feature_position":"","_kad_post_header":false,"_kad_post_footer":false,"_kad_post_classname":""},"product_brand":[],"product_cat":[20,86],"product_tag":[],"class_list":{"0":"post-4231","1":"product","2":"type-product","3":"status-publish","4":"has-post-thumbnail","6":"product_cat-cursuri","7":"product_cat-plata","9":"first","10":"instock","11":"shipping-taxable","12":"purchasable","13":"product-type-variable","14":"has-default-attributes","15":"entry","16":"content-bg","17":"loop-entry"},"acf":[],"_links":{"self":[{"href":"https:\/\/neurofeedback-romania.ro\/en\/wp-json\/wp\/v2\/product\/4231","targetHints":{"allow":["GET"]}}],"collection":[{"href":"https:\/\/neurofeedback-romania.ro\/en\/wp-json\/wp\/v2\/product"}],"about":[{"href":"https:\/\/neurofeedback-romania.ro\/en\/wp-json\/wp\/v2\/types\/product"}],"wp:featuredmedia":[{"embeddable":true,"href":"https:\/\/neurofeedback-romania.ro\/en\/wp-json\/wp\/v2\/media\/4234"}],"wp:attachment":[{"href":"https:\/\/neurofeedback-romania.ro\/en\/wp-json\/wp\/v2\/media?parent=4231"}],"wp:term":[{"taxonomy":"product_brand","embeddable":true,"href":"https:\/\/neurofeedback-romania.ro\/en\/wp-json\/wp\/v2\/product_brand?post=4231"},{"taxonomy":"product_cat","embeddable":true,"href":"https:\/\/neurofeedback-romania.ro\/en\/wp-json\/wp\/v2\/product_cat?post=4231"},{"taxonomy":"product_tag","embeddable":true,"href":"https:\/\/neurofeedback-romania.ro\/en\/wp-json\/wp\/v2\/product_tag?post=4231"}],"curies":[{"name":"wp","href":"https:\/\/api.w.org\/{rel}","templated":true}]}}