{"id":5508,"date":"2024-10-13T19:52:56","date_gmt":"2024-10-13T16:52:56","guid":{"rendered":"https:\/\/neurofeedback-romania.ro\/?post_type=product&#038;p=5508"},"modified":"2024-10-13T19:54:46","modified_gmt":"2024-10-13T16:54:46","slug":"webinar-anxietate","status":"publish","type":"product","link":"https:\/\/neurofeedback-romania.ro\/en\/product\/webinar-anxietate\/","title":{"rendered":"Webinar &#8211; Anxietate"},"content":{"rendered":"<p class=\"p2\"><i>Webinarul ofer\u0103 o perspectiv\u0103 aprofundat\u0103 asupra abord\u0103rii antrenamentului ILF Neurofeedback \u00een manifest\u0103ri simptomatologice specifice anxiet\u0103\u021bii. Pe parcursul webinarului, Dr. Sasu combin\u0103 no\u021biunile teoretice cu experien\u021b\u0103 clinic\u0103 vast\u0103, discut\u00e2nd despre subtilit\u0103\u021bile ce pot fi folosite \u00een aplicarea tratamentelor pentru ob\u021binerea unor efecte clinice optimale<\/i>.<\/p>","protected":false},"excerpt":{"rendered":"<p><strong><a href=\"https:\/\/neurofeedback-romania.ro\/en\/despre-noi\/\" target=\"_blank\" rel=\"noopener\">Facilitator: Dr. Roxana Sasu<\/a><\/strong><\/p>\n<p><strong>Durat\u0103:<\/strong> 1h15m<\/p>\n<p>Link-ul c\u0103tre webinar-ul \u00eenregistrat se prime\u0219te pe email dup\u0103 confirmarea pl\u0103\u021bii.<\/p>","protected":false},"featured_media":5509,"template":"","meta":{"_acf_changed":false,"_kad_post_transparent":"default","_kad_post_title":"","_kad_post_layout":"default","_kad_post_sidebar_id":"","_kad_post_content_style":"default","_kad_post_vertical_padding":"default","_kad_post_feature":"","_kad_post_feature_position":"","_kad_post_header":false,"_kad_post_footer":false,"_kad_post_classname":""},"product_brand":[],"product_cat":[26],"product_tag":[28],"class_list":{"0":"post-5508","1":"product","2":"type-product","3":"status-publish","4":"has-post-thumbnail","6":"product_cat-webinarii-neurofeedback","7":"product_tag-webinar-viitor","9":"first","10":"instock","11":"virtual","12":"purchasable","13":"product-type-simple","14":"entry","15":"content-bg","16":"loop-entry"},"acf":[],"_links":{"self":[{"href":"https:\/\/neurofeedback-romania.ro\/en\/wp-json\/wp\/v2\/product\/5508","targetHints":{"allow":["GET"]}}],"collection":[{"href":"https:\/\/neurofeedback-romania.ro\/en\/wp-json\/wp\/v2\/product"}],"about":[{"href":"https:\/\/neurofeedback-romania.ro\/en\/wp-json\/wp\/v2\/types\/product"}],"wp:featuredmedia":[{"embeddable":true,"href":"https:\/\/neurofeedback-romania.ro\/en\/wp-json\/wp\/v2\/media\/5509"}],"wp:attachment":[{"href":"https:\/\/neurofeedback-romania.ro\/en\/wp-json\/wp\/v2\/media?parent=5508"}],"wp:term":[{"taxonomy":"product_brand","embeddable":true,"href":"https:\/\/neurofeedback-romania.ro\/en\/wp-json\/wp\/v2\/product_brand?post=5508"},{"taxonomy":"product_cat","embeddable":true,"href":"https:\/\/neurofeedback-romania.ro\/en\/wp-json\/wp\/v2\/product_cat?post=5508"},{"taxonomy":"product_tag","embeddable":true,"href":"https:\/\/neurofeedback-romania.ro\/en\/wp-json\/wp\/v2\/product_tag?post=5508"}],"curies":[{"name":"wp","href":"https:\/\/api.w.org\/{rel}","templated":true}]}}