{"id":5516,"date":"2024-10-13T20:04:37","date_gmt":"2024-10-13T17:04:37","guid":{"rendered":"https:\/\/neurofeedback-romania.ro\/?post_type=product&#038;p=5516"},"modified":"2024-10-13T20:06:42","modified_gmt":"2024-10-13T17:06:42","slug":"webinar-peak-performance","status":"publish","type":"product","link":"https:\/\/neurofeedback-romania.ro\/en\/product\/webinar-peak-performance\/","title":{"rendered":"Webinar &#8211; Peak Performance"},"content":{"rendered":"<p class=\"p2\"><i>Antrenamentul Neurofeedback ofer\u0103 posibilitatea de a \u00eembun\u0103t\u0103\u021bi performan\u021ba global\u0103 precum \u0219i aspecte specifice legate de performan\u021ba fizica, mental\u0103, intelectual\u0103 \u0219i artistic\u0103 celor interesa\u021bi sa-\u0219i ating\u0103 poten\u021bialul maxim. Folosind ILF Neurofeedback precum \u0219i programele Synchrony \u0219i Alfpha-Teta, putem antrena circuitele cerebrale corespunz\u0103toare func\u021biilor specifice legate de aspecte ale performan\u021bei dorite. <\/i><\/p>","protected":false},"excerpt":{"rendered":"<p><strong><a href=\"https:\/\/neurofeedback-romania.ro\/en\/despre-noi\/\" target=\"_blank\" rel=\"noopener\">Facilitator: Dr. Roxana Sasu<\/a><\/strong><\/p>\n<p><strong>Durat\u0103:<\/strong> 1h15m<\/p>\n<p>Link-ul c\u0103tre webinar-ul \u00eenregistrat se prime\u0219te pe email dup\u0103 confirmarea pl\u0103\u021bii.<\/p>","protected":false},"featured_media":5517,"template":"","meta":{"_acf_changed":false,"_kad_post_transparent":"default","_kad_post_title":"","_kad_post_layout":"default","_kad_post_sidebar_id":"","_kad_post_content_style":"default","_kad_post_vertical_padding":"default","_kad_post_feature":"","_kad_post_feature_position":"","_kad_post_header":false,"_kad_post_footer":false,"_kad_post_classname":""},"product_brand":[],"product_cat":[26],"product_tag":[28],"class_list":{"0":"post-5516","1":"product","2":"type-product","3":"status-publish","4":"has-post-thumbnail","6":"product_cat-webinarii-neurofeedback","7":"product_tag-webinar-viitor","9":"first","10":"instock","11":"virtual","12":"purchasable","13":"product-type-simple","14":"entry","15":"content-bg","16":"loop-entry"},"acf":[],"_links":{"self":[{"href":"https:\/\/neurofeedback-romania.ro\/en\/wp-json\/wp\/v2\/product\/5516","targetHints":{"allow":["GET"]}}],"collection":[{"href":"https:\/\/neurofeedback-romania.ro\/en\/wp-json\/wp\/v2\/product"}],"about":[{"href":"https:\/\/neurofeedback-romania.ro\/en\/wp-json\/wp\/v2\/types\/product"}],"wp:featuredmedia":[{"embeddable":true,"href":"https:\/\/neurofeedback-romania.ro\/en\/wp-json\/wp\/v2\/media\/5517"}],"wp:attachment":[{"href":"https:\/\/neurofeedback-romania.ro\/en\/wp-json\/wp\/v2\/media?parent=5516"}],"wp:term":[{"taxonomy":"product_brand","embeddable":true,"href":"https:\/\/neurofeedback-romania.ro\/en\/wp-json\/wp\/v2\/product_brand?post=5516"},{"taxonomy":"product_cat","embeddable":true,"href":"https:\/\/neurofeedback-romania.ro\/en\/wp-json\/wp\/v2\/product_cat?post=5516"},{"taxonomy":"product_tag","embeddable":true,"href":"https:\/\/neurofeedback-romania.ro\/en\/wp-json\/wp\/v2\/product_tag?post=5516"}],"curies":[{"name":"wp","href":"https:\/\/api.w.org\/{rel}","templated":true}]}}