{"id":5518,"date":"2024-10-13T20:07:24","date_gmt":"2024-10-13T17:07:24","guid":{"rendered":"https:\/\/neurofeedback-romania.ro\/?post_type=product&#038;p=5518"},"modified":"2024-10-13T20:10:08","modified_gmt":"2024-10-13T17:10:08","slug":"webinar-evaluare-client-neurofeedback","status":"publish","type":"product","link":"https:\/\/neurofeedback-romania.ro\/en\/product\/webinar-evaluare-client-neurofeedback\/","title":{"rendered":"Webinar &#8211; Evaluare Client Neurofeedback"},"content":{"rendered":"<p class=\"p1\"><i>Procesul ini\u021bial de evaluare a clientului este absolut esen\u021bial pentru ob\u021binerea celor mai bune rezultate clinice \u00een antrenamentul ILF neurofeedback. \u00cen acest webinar vom discuta pe marginea formularului dedicat evalu\u0103rii, demonstr\u00e2nd felul \u00een care se desfa\u0219oara acest interviu ini\u021bial necesar pentru a culege informa\u021bia relevant\u0103 referitoare la aspecte specifice de disfunc\u021bionalitate \u0219i manifest\u0103ri individuale ale acestora. Detaliile ob\u021binute sunt apoi folosite pentru crearea unui protocol de antrenament care s\u0103 adreseze dificult\u0103\u021bile unice ale sistemului nervos care se afl\u0103 \u00een antrenament<\/i>.<\/p>","protected":false},"excerpt":{"rendered":"<p><strong><a href=\"https:\/\/neurofeedback-romania.ro\/en\/despre-noi\/\" target=\"_blank\" rel=\"noopener\">Facilitator: Dr. Roxana Sasu<\/a><\/strong><\/p>\n<p><strong>Durat\u0103:<\/strong> 1h15m<\/p>\n<p>Link-ul c\u0103tre webinar-ul \u00eenregistrat se prime\u0219te pe email dup\u0103 confirmarea pl\u0103\u021bii.<\/p>","protected":false},"featured_media":5519,"template":"","meta":{"_acf_changed":false,"_kad_post_transparent":"default","_kad_post_title":"","_kad_post_layout":"default","_kad_post_sidebar_id":"","_kad_post_content_style":"default","_kad_post_vertical_padding":"default","_kad_post_feature":"","_kad_post_feature_position":"","_kad_post_header":false,"_kad_post_footer":false,"_kad_post_classname":""},"product_brand":[],"product_cat":[26],"product_tag":[28],"class_list":{"0":"post-5518","1":"product","2":"type-product","3":"status-publish","4":"has-post-thumbnail","6":"product_cat-webinarii-neurofeedback","7":"product_tag-webinar-viitor","9":"first","10":"instock","11":"virtual","12":"purchasable","13":"product-type-simple","14":"entry","15":"content-bg","16":"loop-entry"},"acf":[],"_links":{"self":[{"href":"https:\/\/neurofeedback-romania.ro\/en\/wp-json\/wp\/v2\/product\/5518","targetHints":{"allow":["GET"]}}],"collection":[{"href":"https:\/\/neurofeedback-romania.ro\/en\/wp-json\/wp\/v2\/product"}],"about":[{"href":"https:\/\/neurofeedback-romania.ro\/en\/wp-json\/wp\/v2\/types\/product"}],"wp:featuredmedia":[{"embeddable":true,"href":"https:\/\/neurofeedback-romania.ro\/en\/wp-json\/wp\/v2\/media\/5519"}],"wp:attachment":[{"href":"https:\/\/neurofeedback-romania.ro\/en\/wp-json\/wp\/v2\/media?parent=5518"}],"wp:term":[{"taxonomy":"product_brand","embeddable":true,"href":"https:\/\/neurofeedback-romania.ro\/en\/wp-json\/wp\/v2\/product_brand?post=5518"},{"taxonomy":"product_cat","embeddable":true,"href":"https:\/\/neurofeedback-romania.ro\/en\/wp-json\/wp\/v2\/product_cat?post=5518"},{"taxonomy":"product_tag","embeddable":true,"href":"https:\/\/neurofeedback-romania.ro\/en\/wp-json\/wp\/v2\/product_tag?post=5518"}],"curies":[{"name":"wp","href":"https:\/\/api.w.org\/{rel}","templated":true}]}}