{"id":5520,"date":"2024-10-13T20:14:38","date_gmt":"2024-10-13T17:14:38","guid":{"rendered":"https:\/\/neurofeedback-romania.ro\/?post_type=product&#038;p=5520"},"modified":"2024-10-13T20:16:58","modified_gmt":"2024-10-13T17:16:58","slug":"webinar-tulburari-de-somn","status":"publish","type":"product","link":"https:\/\/neurofeedback-romania.ro\/en\/product\/webinar-tulburari-de-somn\/","title":{"rendered":"Webinar &#8211; Tulbur\u0103ri de Somn"},"content":{"rendered":"<p class=\"p1\"><i>Tulbur\u0103rile de somn se afl\u0103 la baza multor disfunc\u021bionalit\u0103\u021bi prezente \u00een tablourile clinice ale pacien\u021bilor care caut\u0103 ajutorul terapeu\u021bilor neurofeedback. Aceste tulbur\u0103ri r\u0103spund specific \u0219i rapid la antrenamentul ILF neurofeedback. \u00cen acest webinar vom aprofunda elementele necesare pentru a stabili un protocol de antrenament adecvat \u00een func\u021bie de diferitele prezent\u0103ri ale tulbur\u0103rilor de somn, de la dificult\u0103\u021bile de adormire \u0219i readormire, p\u00e2na la instabilit\u0103\u021bile stagiilor de somn, precum somnambulismul, narcolepsia \u0219i terorile nocturne. <\/i><\/p>","protected":false},"excerpt":{"rendered":"<p><strong><a href=\"https:\/\/neurofeedback-romania.ro\/en\/despre-noi\/\" target=\"_blank\" rel=\"noopener\">Facilitator: Dr. Roxana Sasu<\/a><\/strong><\/p>\n<p><strong>Durat\u0103:<\/strong> 1h15m<\/p>\n<p>Link-ul c\u0103tre webinar-ul \u00eenregistrat se prime\u0219te pe email dup\u0103 confirmarea pl\u0103\u021bii.<\/p>","protected":false},"featured_media":5522,"template":"","meta":{"_acf_changed":false,"_kad_post_transparent":"default","_kad_post_title":"","_kad_post_layout":"default","_kad_post_sidebar_id":"","_kad_post_content_style":"default","_kad_post_vertical_padding":"default","_kad_post_feature":"","_kad_post_feature_position":"","_kad_post_header":false,"_kad_post_footer":false,"_kad_post_classname":""},"product_brand":[],"product_cat":[26],"product_tag":[28],"class_list":{"0":"post-5520","1":"product","2":"type-product","3":"status-publish","4":"has-post-thumbnail","6":"product_cat-webinarii-neurofeedback","7":"product_tag-webinar-viitor","9":"first","10":"instock","11":"virtual","12":"purchasable","13":"product-type-simple","14":"entry","15":"content-bg","16":"loop-entry"},"acf":[],"_links":{"self":[{"href":"https:\/\/neurofeedback-romania.ro\/en\/wp-json\/wp\/v2\/product\/5520","targetHints":{"allow":["GET"]}}],"collection":[{"href":"https:\/\/neurofeedback-romania.ro\/en\/wp-json\/wp\/v2\/product"}],"about":[{"href":"https:\/\/neurofeedback-romania.ro\/en\/wp-json\/wp\/v2\/types\/product"}],"wp:featuredmedia":[{"embeddable":true,"href":"https:\/\/neurofeedback-romania.ro\/en\/wp-json\/wp\/v2\/media\/5522"}],"wp:attachment":[{"href":"https:\/\/neurofeedback-romania.ro\/en\/wp-json\/wp\/v2\/media?parent=5520"}],"wp:term":[{"taxonomy":"product_brand","embeddable":true,"href":"https:\/\/neurofeedback-romania.ro\/en\/wp-json\/wp\/v2\/product_brand?post=5520"},{"taxonomy":"product_cat","embeddable":true,"href":"https:\/\/neurofeedback-romania.ro\/en\/wp-json\/wp\/v2\/product_cat?post=5520"},{"taxonomy":"product_tag","embeddable":true,"href":"https:\/\/neurofeedback-romania.ro\/en\/wp-json\/wp\/v2\/product_tag?post=5520"}],"curies":[{"name":"wp","href":"https:\/\/api.w.org\/{rel}","templated":true}]}}