{"id":7411,"date":"2025-09-23T21:01:23","date_gmt":"2025-09-23T18:01:23","guid":{"rendered":"https:\/\/neurofeedback-romania.ro\/?post_type=product&#038;p=7411"},"modified":"2025-10-16T11:50:03","modified_gmt":"2025-10-16T08:50:03","slug":"atelier-neurofeedback-ilf-noiembrie-2025","status":"publish","type":"product","link":"https:\/\/neurofeedback-romania.ro\/en\/product\/atelier-neurofeedback-ilf-noiembrie-2025\/","title":{"rendered":"Atelier Neurofeedback ILF"},"content":{"rendered":"<p><strong>Atelier Neurofeedback ILF\u00a0<\/strong><\/p>\n<ul>\n<li>Data: curs de o zi, la alegere \u00eentre s\u0103mb\u0103t\u0103, 8 noiembrie sau duminic\u0103, 9 noiembrie 2025<\/li>\n<li>Ora: 09:00 &#8211; 18:00<\/li>\n<li>Loca\u021bie: Clinica Ta Saiwala, Bucure\u0219ti<\/li>\n<\/ul>\n<p>Atelier practic de Neurofeedback ILF sus\u021binut de Dr. C\u0103t\u0103lina Ioana Ciubot\u0103rescu \u0219i Doru Georgescu. Evenimentul ofer\u0103 sprijin aplicat pentru integrarea rapid\u0103 a neurofeedback-ului \u00een practica zilnic\u0103: frecven\u021be, pozi\u021bii de electrozi, managementul simptomelor \u0219i strategii eficiente de lucru cu clien\u021bii.<\/p>\n<p><strong data-start=\"215\" data-end=\"255\">Pre\u021bul este de 1.452 lei (TVA 21% inclus) iar pe durata zilei de curs sunt incluse cafea, r\u0103coritoare \u0219i gust\u0103ri.\u00a0<\/strong>Num\u0103rul de participan\u021bi este limitat la <strong data-start=\"297\" data-end=\"328\">12 locuri pentru fiecare zi<\/strong>, iar dup\u0103 completarea acestora vom deschide o list\u0103 de a\u0219teptare.<\/p>","protected":false},"excerpt":{"rendered":"<p><strong>Data:<\/strong> s\u0103mb\u0103t\u0103, 8 noiembrie sau duminic\u0103, 9 noiembrie 2025, | 09:00 &#8211; 18:00<\/p>\n<p><strong>Loca\u021bie:<\/strong> Clinica Ta Saiwala, Bucure\u0219ti<\/p>\n<p><strong>Deschis absolven\u021bilor cursului de baz\u0103 organizat de Neurofeedback Rom\u00e2nia sau de un partener BeeMedic.<\/strong><\/p>\n<p><strong style=\"font-family: var(--global-body-font-family);\">Pre\u021bul include TVA.<\/strong><\/p>","protected":false},"featured_media":7405,"template":"","meta":{"_acf_changed":false,"_kad_post_transparent":"default","_kad_post_title":"","_kad_post_layout":"default","_kad_post_sidebar_id":"","_kad_post_content_style":"default","_kad_post_vertical_padding":"default","_kad_post_feature":"","_kad_post_feature_position":"","_kad_post_header":false,"_kad_post_footer":false,"_kad_post_classname":""},"product_brand":[],"product_cat":[86],"product_tag":[34],"class_list":{"0":"post-7411","1":"product","2":"type-product","3":"status-publish","4":"has-post-thumbnail","6":"product_cat-plata","7":"product_tag-supervizare","9":"first","10":"instock","11":"virtual","12":"purchasable","13":"product-type-simple","14":"entry","15":"content-bg","16":"loop-entry"},"acf":[],"_links":{"self":[{"href":"https:\/\/neurofeedback-romania.ro\/en\/wp-json\/wp\/v2\/product\/7411","targetHints":{"allow":["GET"]}}],"collection":[{"href":"https:\/\/neurofeedback-romania.ro\/en\/wp-json\/wp\/v2\/product"}],"about":[{"href":"https:\/\/neurofeedback-romania.ro\/en\/wp-json\/wp\/v2\/types\/product"}],"wp:featuredmedia":[{"embeddable":true,"href":"https:\/\/neurofeedback-romania.ro\/en\/wp-json\/wp\/v2\/media\/7405"}],"wp:attachment":[{"href":"https:\/\/neurofeedback-romania.ro\/en\/wp-json\/wp\/v2\/media?parent=7411"}],"wp:term":[{"taxonomy":"product_brand","embeddable":true,"href":"https:\/\/neurofeedback-romania.ro\/en\/wp-json\/wp\/v2\/product_brand?post=7411"},{"taxonomy":"product_cat","embeddable":true,"href":"https:\/\/neurofeedback-romania.ro\/en\/wp-json\/wp\/v2\/product_cat?post=7411"},{"taxonomy":"product_tag","embeddable":true,"href":"https:\/\/neurofeedback-romania.ro\/en\/wp-json\/wp\/v2\/product_tag?post=7411"}],"curies":[{"name":"wp","href":"https:\/\/api.w.org\/{rel}","templated":true}]}}