{"id":7910,"date":"2026-04-08T12:25:11","date_gmt":"2026-04-08T09:25:11","guid":{"rendered":"https:\/\/neurofeedback-romania.ro\/?post_type=product&#038;p=7910"},"modified":"2026-04-17T13:04:50","modified_gmt":"2026-04-17T10:04:50","slug":"supervizare-neurofeedback-cu-dr-roxana-toma-aprilie-2026","status":"publish","type":"product","link":"https:\/\/neurofeedback-romania.ro\/en\/product\/supervizare-neurofeedback-cu-dr-roxana-toma-aprilie-2026\/","title":{"rendered":"Supervizare Neurofeedback cu Dr. Roxana Toma &#8211; Aprilie 2026"},"content":{"rendered":"<p><em>Pentru a putea adresa c\u00e2t mai multe din \u00eentreb\u0103rile dumneavoastr\u0103 \u00een timpul alocat orelor de supervizare, v\u0103 rug\u0103m s\u0103 preg\u0103ti\u021bi cazurile pe baza structurii oferite mai jos. Prezentarea trebuie s\u0103 fie succint\u0103 \u0219i s\u0103 acopere informa\u021bia relevant\u0103 pentru \u00een\u021belegerea \u00een ansamblu a problemelor cu care v\u0103 confrunta\u021bi.<\/em><\/p>\n<p><em>&#8211; Istoric de traum\u0103 de dezvoltare sau leziuni cerebrale &#8211; (DA\/NU)<\/em><br \/>\n<em>&#8211; Simptomatologie actual\u0103\/\u00een trecut (relevan\u021ba)<\/em><br \/>\n<em>&#8211; Factori genetici<\/em><br \/>\n<em>&#8211; Medica\u021bie \u0219i\/sau alte interven\u021bii \u2013 la ce ajut\u0103\/efecte secundare relevante<\/em><br \/>\n<em>&#8211; Ce protocoale s-au folosit p\u00e2n\u0103 \u00een prezent \u0219i cu ce rezultate<\/em><br \/>\n<em>&#8211; \u00centrebarea\/Problema \u00eent\u00e2lnit\u0103<\/em><\/p>\n<p><em>V\u0103 recomand\u0103m s\u0103 ave\u021bi fi\u0219a pacientului la \u00eendem\u00e2n\u0103 pentru detalii referitoare la efectele diferitelor protocoale utilizate (pozi\u021bii \u0219i frecven\u021be), precum \u0219i consecin\u021bele utiliz\u0103rii acestora pentru clarific\u0103ri ulterioare.<\/em><\/p>","protected":false},"excerpt":{"rendered":"<p><strong>Data:<\/strong> Miercuri, 22 aprilie 2026, ora 19:00<\/p>\n<p><strong>Loca\u021bie:<\/strong> Zoom &#8211; link-ul de conectare se prime\u0219te pe email dup\u0103 completarea acordului de confiden\u021bialitate, \u00eenainte de sesiune.<\/p>\n<p><strong>Durat\u0103:<\/strong> 60-90 de minute<\/p>\n<p><strong>Num\u0103r de participan\u021bi:<\/strong> 8 persoane<\/p>\n<p><strong>Supervizarea este deschis\u0103 tuturor absolven\u021bilor cursului de baz\u0103 \u00een Neurofeedback ILF.<\/strong><\/p>\n<p>Aceast\u0103 supervizare va fi luat\u0103 \u00een calcul pentru programul de certificare Othmer doar dac\u0103 participantul este activ, cu camera pornit\u0103 pe toat\u0103 durata superviz\u0103rii.<\/p>\n<p><strong style=\"font-family: var(--global-body-font-family);\">Pre\u021bul include TVA.<\/strong><\/p>","protected":false},"featured_media":7911,"template":"","meta":{"_acf_changed":false,"_kad_post_transparent":"default","_kad_post_title":"","_kad_post_layout":"default","_kad_post_sidebar_id":"","_kad_post_content_style":"default","_kad_post_vertical_padding":"default","_kad_post_feature":"","_kad_post_feature_position":"","_kad_post_header":false,"_kad_post_footer":false,"_kad_post_classname":""},"product_brand":[],"product_cat":[90],"product_tag":[34],"class_list":{"0":"post-7910","1":"product","2":"type-product","3":"status-publish","4":"has-post-thumbnail","6":"product_cat-supervizare-neurofeedback-ilf","7":"product_tag-supervizare","9":"first","10":"instock","11":"virtual","12":"purchasable","13":"product-type-simple","14":"entry","15":"content-bg","16":"loop-entry"},"acf":[],"_links":{"self":[{"href":"https:\/\/neurofeedback-romania.ro\/en\/wp-json\/wp\/v2\/product\/7910","targetHints":{"allow":["GET"]}}],"collection":[{"href":"https:\/\/neurofeedback-romania.ro\/en\/wp-json\/wp\/v2\/product"}],"about":[{"href":"https:\/\/neurofeedback-romania.ro\/en\/wp-json\/wp\/v2\/types\/product"}],"wp:featuredmedia":[{"embeddable":true,"href":"https:\/\/neurofeedback-romania.ro\/en\/wp-json\/wp\/v2\/media\/7911"}],"wp:attachment":[{"href":"https:\/\/neurofeedback-romania.ro\/en\/wp-json\/wp\/v2\/media?parent=7910"}],"wp:term":[{"taxonomy":"product_brand","embeddable":true,"href":"https:\/\/neurofeedback-romania.ro\/en\/wp-json\/wp\/v2\/product_brand?post=7910"},{"taxonomy":"product_cat","embeddable":true,"href":"https:\/\/neurofeedback-romania.ro\/en\/wp-json\/wp\/v2\/product_cat?post=7910"},{"taxonomy":"product_tag","embeddable":true,"href":"https:\/\/neurofeedback-romania.ro\/en\/wp-json\/wp\/v2\/product_tag?post=7910"}],"curies":[{"name":"wp","href":"https:\/\/api.w.org\/{rel}","templated":true}]}}