{"id":7971,"date":"2026-04-17T23:36:08","date_gmt":"2026-04-17T20:36:08","guid":{"rendered":"https:\/\/neurofeedback-romania.ro\/?post_type=product&#038;p=7971"},"modified":"2026-04-18T15:47:36","modified_gmt":"2026-04-18T12:47:36","slug":"curs-neurofeedback-qeeg-spectru-autist-mai-2026","status":"publish","type":"product","link":"https:\/\/neurofeedback-romania.ro\/en\/product\/curs-neurofeedback-qeeg-spectru-autist-mai-2026\/","title":{"rendered":"Curs Neurofeedback \u0219i diagnostic QEEG \u00een tulburarea de spectru autist"},"content":{"rendered":"<h4><strong>Curs Neurofeedback \u0219i diagnostic QEEG \u00een tulburarea de spectru autist<\/strong><\/h4>\n<ul>\n<li><strong>Date: vineri (8 mai), <\/strong><strong>s\u00e2mb\u0103t\u0103 (9 mai), <\/strong><strong>duminica (10 mai)<\/strong><\/li>\n<li><strong>Ore: 17:00 \u2013 20:00 (8 mai), <\/strong><strong>10:00 \u2013 17:00 (9 mai), <\/strong><strong>10:00 \u2013 15:00 (10 mai)<\/strong><\/li>\n<li><strong>Online<\/strong><\/li>\n<\/ul>\n<p>Acest curs introduce metodologii bazate pe dovezi pentru aplicarea neurofeedback-ului cu frecven\u021b\u0103 infra-joas\u0103 (ILF) \u00een sprijinul persoanelor care se confrunt\u0103 cu tulburarea de spectru autist (TSA). Cursul integreaz\u0103 o \u00een\u021belegere cuprinz\u0103toare a bazelor neurobiologice \u0219i neurofiziologice ale TSA cu protocoale consacrate de neurofeedback, oferind astfel o abordare sinergic\u0103.<\/p>\n<p>Cursul este coordonat de:<\/p>\n<ul>\n<li>Dr. C\u0103t\u0103lina Ioana Ciubot\u0103rescu<\/li>\n<li>Dr. Roxana Toma<\/li>\n<li>Psih. Adina Escu<\/li>\n<li>Psih. Irina Amelia Burtan<\/li>\n<li>Doru Georgescu<strong>\u00a0<\/strong><\/li>\n<\/ul>\n<p><strong data-start=\"215\" data-end=\"255\">Pre\u021bul este de 2774 lei (TVA 21% inclus).<\/strong><\/p>","protected":false},"excerpt":{"rendered":"<p>Acest curs introduce metodologii bazate pe dovezi pentru aplicarea neurofeedback-ului cu frecven\u021b\u0103 infra-joas\u0103 (ILF) \u00een sprijinul persoanelor care se confrunt\u0103 cu tulburarea de spectru autist (TSA)<\/p>","protected":false},"featured_media":7942,"template":"","meta":{"_acf_changed":false,"_kad_post_transparent":"default","_kad_post_title":"","_kad_post_layout":"default","_kad_post_sidebar_id":"","_kad_post_content_style":"default","_kad_post_vertical_padding":"default","_kad_post_feature":"","_kad_post_feature_position":"","_kad_post_header":false,"_kad_post_footer":false,"_kad_post_classname":""},"product_brand":[],"product_cat":[86],"product_tag":[244,79,80,249,34,250,251],"class_list":{"0":"post-7971","1":"product","2":"type-product","3":"status-publish","4":"has-post-thumbnail","6":"product_cat-plata","7":"product_tag-curs","8":"product_tag-curs-neurofeedback","9":"product_tag-neurofeedback","10":"product_tag-qeeg","11":"product_tag-supervizare","12":"product_tag-tsa","13":"product_tag-tulburare-spectru-autist","15":"first","16":"instock","17":"virtual","18":"purchasable","19":"product-type-simple","20":"entry","21":"content-bg","22":"loop-entry"},"acf":[],"_links":{"self":[{"href":"https:\/\/neurofeedback-romania.ro\/en\/wp-json\/wp\/v2\/product\/7971","targetHints":{"allow":["GET"]}}],"collection":[{"href":"https:\/\/neurofeedback-romania.ro\/en\/wp-json\/wp\/v2\/product"}],"about":[{"href":"https:\/\/neurofeedback-romania.ro\/en\/wp-json\/wp\/v2\/types\/product"}],"wp:featuredmedia":[{"embeddable":true,"href":"https:\/\/neurofeedback-romania.ro\/en\/wp-json\/wp\/v2\/media\/7942"}],"wp:attachment":[{"href":"https:\/\/neurofeedback-romania.ro\/en\/wp-json\/wp\/v2\/media?parent=7971"}],"wp:term":[{"taxonomy":"product_brand","embeddable":true,"href":"https:\/\/neurofeedback-romania.ro\/en\/wp-json\/wp\/v2\/product_brand?post=7971"},{"taxonomy":"product_cat","embeddable":true,"href":"https:\/\/neurofeedback-romania.ro\/en\/wp-json\/wp\/v2\/product_cat?post=7971"},{"taxonomy":"product_tag","embeddable":true,"href":"https:\/\/neurofeedback-romania.ro\/en\/wp-json\/wp\/v2\/product_tag?post=7971"}],"curies":[{"name":"wp","href":"https:\/\/api.w.org\/{rel}","templated":true}]}}